{"id":1008,"date":"2019-03-12T09:07:45","date_gmt":"2019-03-12T06:07:45","guid":{"rendered":"http:\/\/192.168.10.101\/?post_type=product&#038;p=1008"},"modified":"2023-06-09T14:32:27","modified_gmt":"2023-06-09T12:32:27","slug":"5-mp-kupoline-hd-tvi-kamera-28mm-poc","status":"publish","type":"product","link":"https:\/\/vmsistemos.lt\/?product=5-mp-kupoline-hd-tvi-kamera-28mm-poc","title":{"rendered":"5 MP kupolin\u0117 HD-TVI kamera 2.8mm, PoC"},"content":{"rendered":"<ul>\n<li>Palaiko dvejop\u0105 maitinim\u0105 PoC \/ DC12V<\/li>\n<li>Objektyvas: f = 2.8 mm, 106\u00b0 Horizontalusis kampas<\/li>\n<li>5 Megapikseli\u0173 HD-TVI kamera su HD 1080P realaus laiko vaizdu<\/li>\n<li>I\u0161manus IR valdymas<\/li>\n<li>0 Lux: Integruotas LED IR \u0161viestuvas, matomumas iki 20m<\/li>\n<li>Tvirtinimas ant sienos ir lub\u0173, 3-j\u0173 a\u0161i\u0173 reguliavimas<\/li>\n<\/ul>\n","protected":false},"excerpt":{"rendered":"<p>Palaiko dvejop\u0105 maitinim\u0105 PoC \/ DC12V<\/p>\n<p>Objektyvas: f = 2.8 mm, 106\u00b0 Horizontalusis kampas<\/p>\n","protected":false},"featured_media":1007,"template":"","meta":{"_acf_changed":false},"product_brand":[],"product_cat":[234,63],"product_tag":[232,226,103,231,89,230,233],"class_list":{"0":"post-1008","1":"product","2":"type-product","3":"status-publish","4":"has-post-thumbnail","6":"product_cat-akcijos","7":"product_cat-tvi","8":"product_tag-apsaugos","9":"product_tag-grundig","10":"product_tag-ip-kamera","11":"product_tag-ir-kamera","12":"product_tag-kamera","13":"product_tag-vaizdo-apsaugos","14":"product_tag-vm-sistemos","16":"first","17":"onbackorder","18":"sale","19":"taxable","20":"shipping-taxable","21":"purchasable","22":"product-type-simple"},"acf":[],"_links":{"self":[{"href":"https:\/\/vmsistemos.lt\/index.php?rest_route=\/wp\/v2\/product\/1008","targetHints":{"allow":["GET"]}}],"collection":[{"href":"https:\/\/vmsistemos.lt\/index.php?rest_route=\/wp\/v2\/product"}],"about":[{"href":"https:\/\/vmsistemos.lt\/index.php?rest_route=\/wp\/v2\/types\/product"}],"version-history":[{"count":0,"href":"https:\/\/vmsistemos.lt\/index.php?rest_route=\/wp\/v2\/product\/1008\/revisions"}],"wp:featuredmedia":[{"embeddable":true,"href":"https:\/\/vmsistemos.lt\/index.php?rest_route=\/wp\/v2\/media\/1007"}],"wp:attachment":[{"href":"https:\/\/vmsistemos.lt\/index.php?rest_route=%2Fwp%2Fv2%2Fmedia&parent=1008"}],"wp:term":[{"taxonomy":"product_brand","embeddable":true,"href":"https:\/\/vmsistemos.lt\/index.php?rest_route=%2Fwp%2Fv2%2Fproduct_brand&post=1008"},{"taxonomy":"product_cat","embeddable":true,"href":"https:\/\/vmsistemos.lt\/index.php?rest_route=%2Fwp%2Fv2%2Fproduct_cat&post=1008"},{"taxonomy":"product_tag","embeddable":true,"href":"https:\/\/vmsistemos.lt\/index.php?rest_route=%2Fwp%2Fv2%2Fproduct_tag&post=1008"}],"curies":[{"name":"wp","href":"https:\/\/api.w.org\/{rel}","templated":true}]}}