{"id":1010,"date":"2019-03-15T07:05:56","date_gmt":"2019-03-15T09:05:56","guid":{"rendered":"http:\/\/192.168.10.101\/?post_type=product&#038;p=1010"},"modified":"2023-06-09T14:32:28","modified_gmt":"2023-06-09T12:32:28","slug":"4-kanalu-hd-tvi-ip-analog-vaizdo-irasymo-irenginys-poc","status":"publish","type":"product","link":"https:\/\/vmsistemos.lt\/?product=4-kanalu-hd-tvi-ip-analog-vaizdo-irasymo-irenginys-poc","title":{"rendered":"4 kanal\u0173 HD-TVI \/ IP \/ Analog vaizdo \u012fra\u0161ymo \u012frenginys, PoC"},"content":{"rendered":"<ul>\n<li>Kiekvienas kanalas palaiko arba HDTVI, CVI, AHD arba analogines kameras (960H)<\/li>\n<li>Iki 2 IP kamer\u0173 1080p (6 Mbps)<\/li>\n<li>Automati\u0161kai aptinka HD-TVI, CVI, AHD ar analogines kameras<\/li>\n<li>Multiplex (tiesioginis \/ atk\u016brimas, \u012fra\u0161ymas, atsargin\u0117 kopija, tinklas)<\/li>\n<li>\u012evair\u016bs \u012fra\u0161ymo r\u0117\u017eimai (grafikas, judesys, signalizacija)<\/li>\n<li>eSATA s\u0105saja: galima prijungti i\u0161orin\u012f kiet\u0105j\u012f disk\u0105 \u012fra\u0161\u0173 talpai padidinti<\/li>\n<\/ul>\n","protected":false},"excerpt":{"rendered":"<p>4 kanal\u0173 HD-TVI \/ IP \/ Analog vaizdo \u012fra\u0161ymo \u012frenginys, PoC<\/p>\n","protected":false},"featured_media":1009,"template":"","meta":{"_acf_changed":false},"product_brand":[],"product_cat":[234,56],"product_tag":[232,226,103,231,89,230,233],"class_list":{"0":"post-1010","1":"product","2":"type-product","3":"status-publish","4":"has-post-thumbnail","6":"product_cat-akcijos","7":"product_cat-dvr","8":"product_tag-apsaugos","9":"product_tag-grundig","10":"product_tag-ip-kamera","11":"product_tag-ir-kamera","12":"product_tag-kamera","13":"product_tag-vaizdo-apsaugos","14":"product_tag-vm-sistemos","16":"first","17":"onbackorder","18":"sale","19":"taxable","20":"shipping-taxable","21":"purchasable","22":"product-type-simple"},"acf":[],"_links":{"self":[{"href":"https:\/\/vmsistemos.lt\/index.php?rest_route=\/wp\/v2\/product\/1010","targetHints":{"allow":["GET"]}}],"collection":[{"href":"https:\/\/vmsistemos.lt\/index.php?rest_route=\/wp\/v2\/product"}],"about":[{"href":"https:\/\/vmsistemos.lt\/index.php?rest_route=\/wp\/v2\/types\/product"}],"version-history":[{"count":0,"href":"https:\/\/vmsistemos.lt\/index.php?rest_route=\/wp\/v2\/product\/1010\/revisions"}],"wp:featuredmedia":[{"embeddable":true,"href":"https:\/\/vmsistemos.lt\/index.php?rest_route=\/wp\/v2\/media\/1009"}],"wp:attachment":[{"href":"https:\/\/vmsistemos.lt\/index.php?rest_route=%2Fwp%2Fv2%2Fmedia&parent=1010"}],"wp:term":[{"taxonomy":"product_brand","embeddable":true,"href":"https:\/\/vmsistemos.lt\/index.php?rest_route=%2Fwp%2Fv2%2Fproduct_brand&post=1010"},{"taxonomy":"product_cat","embeddable":true,"href":"https:\/\/vmsistemos.lt\/index.php?rest_route=%2Fwp%2Fv2%2Fproduct_cat&post=1010"},{"taxonomy":"product_tag","embeddable":true,"href":"https:\/\/vmsistemos.lt\/index.php?rest_route=%2Fwp%2Fv2%2Fproduct_tag&post=1010"}],"curies":[{"name":"wp","href":"https:\/\/api.w.org\/{rel}","templated":true}]}}