{"id":1012,"date":"2019-03-15T07:05:35","date_gmt":"2019-03-15T09:05:35","guid":{"rendered":"http:\/\/192.168.10.101\/?post_type=product&#038;p=1012"},"modified":"2023-06-09T14:32:28","modified_gmt":"2023-06-09T12:32:28","slug":"16-kanalu-tinklinis-vaizdo-irasymo-irenginys","status":"publish","type":"product","link":"https:\/\/vmsistemos.lt\/?product=16-kanalu-tinklinis-vaizdo-irasymo-irenginys","title":{"rendered":"16 kanal\u0173 tinklinis vaizdo \u012fra\u0161ymo \u012frenginys"},"content":{"rendered":"<ul>\n<li>Multiplex (tiesioginis \/ atk\u016brimas, \u012fra\u0161ymas, atsargin\u0117 kopija, tinklas)<\/li>\n<li>\u012evair\u016bs \u012fra\u0161ymo re\u017eimai (\u012fprastas, grafikas, judesys, signalizacija)<\/li>\n<li>Vaizdo \u012fra\u0161ymas vietiniame HDD ir NAS<\/li>\n<li>Atsargin\u0117s fail\u0173 kopijos \u012fra\u0161ymas \u012f USB laikmen\u0105<\/li>\n<li>ONVIF protokolo palaikymas<\/li>\n<li>SDK Windows ir Linux sistemoms<\/li>\n<\/ul>\n","protected":false},"excerpt":{"rendered":"<p>16 kanal\u0173 tinklinis vaizdo \u012fra\u0161ymo \u012frenginys<\/p>\n","protected":false},"featured_media":1011,"template":"","meta":{"_acf_changed":false},"product_brand":[],"product_cat":[234,62],"product_tag":[232,226,103,231,89,230,233],"class_list":{"0":"post-1012","1":"product","2":"type-product","3":"status-publish","4":"has-post-thumbnail","6":"product_cat-akcijos","7":"product_cat-nvr","8":"product_tag-apsaugos","9":"product_tag-grundig","10":"product_tag-ip-kamera","11":"product_tag-ir-kamera","12":"product_tag-kamera","13":"product_tag-vaizdo-apsaugos","14":"product_tag-vm-sistemos","16":"first","17":"onbackorder","18":"sale","19":"taxable","20":"shipping-taxable","21":"purchasable","22":"product-type-simple"},"acf":[],"_links":{"self":[{"href":"https:\/\/vmsistemos.lt\/index.php?rest_route=\/wp\/v2\/product\/1012","targetHints":{"allow":["GET"]}}],"collection":[{"href":"https:\/\/vmsistemos.lt\/index.php?rest_route=\/wp\/v2\/product"}],"about":[{"href":"https:\/\/vmsistemos.lt\/index.php?rest_route=\/wp\/v2\/types\/product"}],"version-history":[{"count":0,"href":"https:\/\/vmsistemos.lt\/index.php?rest_route=\/wp\/v2\/product\/1012\/revisions"}],"wp:featuredmedia":[{"embeddable":true,"href":"https:\/\/vmsistemos.lt\/index.php?rest_route=\/wp\/v2\/media\/1011"}],"wp:attachment":[{"href":"https:\/\/vmsistemos.lt\/index.php?rest_route=%2Fwp%2Fv2%2Fmedia&parent=1012"}],"wp:term":[{"taxonomy":"product_brand","embeddable":true,"href":"https:\/\/vmsistemos.lt\/index.php?rest_route=%2Fwp%2Fv2%2Fproduct_brand&post=1012"},{"taxonomy":"product_cat","embeddable":true,"href":"https:\/\/vmsistemos.lt\/index.php?rest_route=%2Fwp%2Fv2%2Fproduct_cat&post=1012"},{"taxonomy":"product_tag","embeddable":true,"href":"https:\/\/vmsistemos.lt\/index.php?rest_route=%2Fwp%2Fv2%2Fproduct_tag&post=1012"}],"curies":[{"name":"wp","href":"https:\/\/api.w.org\/{rel}","templated":true}]}}