{"id":1783,"date":"2019-09-02T11:17:02","date_gmt":"2019-09-02T13:17:02","guid":{"rendered":"http:\/\/192.168.10.101\/?post_type=product&#038;p=1783"},"modified":"2025-11-08T21:57:03","modified_gmt":"2025-11-08T19:57:03","slug":"maitinimo-saltinis-12v-1a","status":"publish","type":"product","link":"https:\/\/vmsistemos.lt\/?product=maitinimo-saltinis-12v-1a","title":{"rendered":"Maitinimo \u0161altinis 12V\/1A"},"content":{"rendered":"<h4>\u012etamp\u0105 bei srov\u0119 kei\u010diantis maitinimo \u0161altinis. Skirtas naudoti su vaizdo apsaugos kameromis. Galima pajungti ne daugiau kaip vien\u0105 kamer\u0105. Eksploatuojamas tik patalpose.<\/h4>\n","protected":false},"excerpt":{"rendered":"<h4>\u012etamp\u0105 bei srov\u0119 kei\u010diantis maitinimo \u0161altinis.<\/h4>\n","protected":false},"featured_media":1784,"template":"","meta":{"_acf_changed":false},"product_brand":[],"product_cat":[35],"product_tag":[109,108,110],"class_list":{"0":"post-1783","1":"product","2":"type-product","3":"status-publish","4":"has-post-thumbnail","6":"product_cat-matinimo-adapteriai","7":"product_tag-12v","8":"product_tag-maitinimo-adapteris","9":"product_tag-power","11":"first","12":"instock","13":"taxable","14":"shipping-taxable","15":"purchasable","16":"product-type-simple"},"acf":[],"_links":{"self":[{"href":"https:\/\/vmsistemos.lt\/index.php?rest_route=\/wp\/v2\/product\/1783","targetHints":{"allow":["GET"]}}],"collection":[{"href":"https:\/\/vmsistemos.lt\/index.php?rest_route=\/wp\/v2\/product"}],"about":[{"href":"https:\/\/vmsistemos.lt\/index.php?rest_route=\/wp\/v2\/types\/product"}],"version-history":[{"count":1,"href":"https:\/\/vmsistemos.lt\/index.php?rest_route=\/wp\/v2\/product\/1783\/revisions"}],"predecessor-version":[{"id":5672,"href":"https:\/\/vmsistemos.lt\/index.php?rest_route=\/wp\/v2\/product\/1783\/revisions\/5672"}],"wp:featuredmedia":[{"embeddable":true,"href":"https:\/\/vmsistemos.lt\/index.php?rest_route=\/wp\/v2\/media\/1784"}],"wp:attachment":[{"href":"https:\/\/vmsistemos.lt\/index.php?rest_route=%2Fwp%2Fv2%2Fmedia&parent=1783"}],"wp:term":[{"taxonomy":"product_brand","embeddable":true,"href":"https:\/\/vmsistemos.lt\/index.php?rest_route=%2Fwp%2Fv2%2Fproduct_brand&post=1783"},{"taxonomy":"product_cat","embeddable":true,"href":"https:\/\/vmsistemos.lt\/index.php?rest_route=%2Fwp%2Fv2%2Fproduct_cat&post=1783"},{"taxonomy":"product_tag","embeddable":true,"href":"https:\/\/vmsistemos.lt\/index.php?rest_route=%2Fwp%2Fv2%2Fproduct_tag&post=1783"}],"curies":[{"name":"wp","href":"https:\/\/api.w.org\/{rel}","templated":true}]}}