{"id":1828,"date":"2019-09-10T08:29:55","date_gmt":"2019-09-10T10:29:55","guid":{"rendered":"http:\/\/192.168.10.101\/?post_type=product&#038;p=1828"},"modified":"2023-06-09T14:32:32","modified_gmt":"2023-06-09T12:32:32","slug":"analogine-ahd-2mpix-lauko-kamera-3-6mm-di25-s20","status":"publish","type":"product","link":"https:\/\/vmsistemos.lt\/?product=analogine-ahd-2mpix-lauko-kamera-3-6mm-di25-s20","title":{"rendered":"Analogin\u0117 AHD 2Mpix kupolin\u0117 lauko kamera 3.6mm"},"content":{"rendered":"<p>Analogin\u0117 AHD 2Mpix kupolin\u0117 lauko kamera 3.6mm<\/p>\n","protected":false},"excerpt":{"rendered":"<p>Analogin\u0117 AHD 2Mpix kupolin\u0117 lauko kamera 3.6mm<\/p>\n","protected":false},"featured_media":1829,"template":"","meta":{"_acf_changed":false},"product_brand":[],"product_cat":[55],"product_tag":[244,243,169,106,89,101],"class_list":{"0":"post-1828","1":"product","2":"type-product","3":"status-publish","4":"has-post-thumbnail","6":"product_cat-analogines-ahd-kameros","7":"product_tag-2mp","8":"product_tag-3-6mm","9":"product_tag-ahd","10":"product_tag-analogine","11":"product_tag-kamera","12":"product_tag-lauko","14":"first","15":"instock","16":"taxable","17":"shipping-taxable","18":"purchasable","19":"product-type-simple"},"acf":[],"_links":{"self":[{"href":"https:\/\/vmsistemos.lt\/index.php?rest_route=\/wp\/v2\/product\/1828","targetHints":{"allow":["GET"]}}],"collection":[{"href":"https:\/\/vmsistemos.lt\/index.php?rest_route=\/wp\/v2\/product"}],"about":[{"href":"https:\/\/vmsistemos.lt\/index.php?rest_route=\/wp\/v2\/types\/product"}],"version-history":[{"count":0,"href":"https:\/\/vmsistemos.lt\/index.php?rest_route=\/wp\/v2\/product\/1828\/revisions"}],"wp:featuredmedia":[{"embeddable":true,"href":"https:\/\/vmsistemos.lt\/index.php?rest_route=\/wp\/v2\/media\/1829"}],"wp:attachment":[{"href":"https:\/\/vmsistemos.lt\/index.php?rest_route=%2Fwp%2Fv2%2Fmedia&parent=1828"}],"wp:term":[{"taxonomy":"product_brand","embeddable":true,"href":"https:\/\/vmsistemos.lt\/index.php?rest_route=%2Fwp%2Fv2%2Fproduct_brand&post=1828"},{"taxonomy":"product_cat","embeddable":true,"href":"https:\/\/vmsistemos.lt\/index.php?rest_route=%2Fwp%2Fv2%2Fproduct_cat&post=1828"},{"taxonomy":"product_tag","embeddable":true,"href":"https:\/\/vmsistemos.lt\/index.php?rest_route=%2Fwp%2Fv2%2Fproduct_tag&post=1828"}],"curies":[{"name":"wp","href":"https:\/\/api.w.org\/{rel}","templated":true}]}}