{"id":298,"date":"2019-03-12T10:20:14","date_gmt":"2019-03-12T12:20:14","guid":{"rendered":"http:\/\/192.168.10.101\/?post_type=product&#038;p=298"},"modified":"2023-06-09T14:32:28","modified_gmt":"2023-06-09T12:32:28","slug":"kulkos-tipo-slapta-kamera-650tvl","status":"publish","type":"product","link":"https:\/\/vmsistemos.lt\/?product=kulkos-tipo-slapta-kamera-650tvl","title":{"rendered":"Kulkos tipo kamera 650TVL"},"content":{"rendered":"<h4>Analogin\u0117 kulkos tipo kamera su valdikliu. Komplekte prid\u0117ta ma\u017ea kojel\u0117.<\/h4>\n","protected":false},"excerpt":{"rendered":"<h4>Analogin\u0117 kulkos tipo kamera su valdikliu. Komplekte prid\u0117ta ma\u017ea kojel\u0117.<\/h4>\n","protected":false},"featured_media":295,"template":"","meta":{"_acf_changed":false},"product_brand":[],"product_cat":[51],"product_tag":[],"class_list":{"0":"post-298","1":"product","2":"type-product","3":"status-publish","4":"has-post-thumbnail","6":"product_cat-slaptos-kameros","8":"first","9":"instock","10":"taxable","11":"shipping-taxable","12":"purchasable","13":"product-type-simple"},"acf":[],"_links":{"self":[{"href":"https:\/\/vmsistemos.lt\/index.php?rest_route=\/wp\/v2\/product\/298","targetHints":{"allow":["GET"]}}],"collection":[{"href":"https:\/\/vmsistemos.lt\/index.php?rest_route=\/wp\/v2\/product"}],"about":[{"href":"https:\/\/vmsistemos.lt\/index.php?rest_route=\/wp\/v2\/types\/product"}],"version-history":[{"count":0,"href":"https:\/\/vmsistemos.lt\/index.php?rest_route=\/wp\/v2\/product\/298\/revisions"}],"wp:featuredmedia":[{"embeddable":true,"href":"https:\/\/vmsistemos.lt\/index.php?rest_route=\/wp\/v2\/media\/295"}],"wp:attachment":[{"href":"https:\/\/vmsistemos.lt\/index.php?rest_route=%2Fwp%2Fv2%2Fmedia&parent=298"}],"wp:term":[{"taxonomy":"product_brand","embeddable":true,"href":"https:\/\/vmsistemos.lt\/index.php?rest_route=%2Fwp%2Fv2%2Fproduct_brand&post=298"},{"taxonomy":"product_cat","embeddable":true,"href":"https:\/\/vmsistemos.lt\/index.php?rest_route=%2Fwp%2Fv2%2Fproduct_cat&post=298"},{"taxonomy":"product_tag","embeddable":true,"href":"https:\/\/vmsistemos.lt\/index.php?rest_route=%2Fwp%2Fv2%2Fproduct_tag&post=298"}],"curies":[{"name":"wp","href":"https:\/\/api.w.org\/{rel}","templated":true}]}}