{"id":384,"date":"2019-03-12T10:18:43","date_gmt":"2019-03-12T12:18:43","guid":{"rendered":"http:\/\/192.168.10.101\/?post_type=product&#038;p=384"},"modified":"2023-06-09T14:32:28","modified_gmt":"2023-06-09T12:32:28","slug":"lauko-matinimo-saltinis-24v18a","status":"publish","type":"product","link":"https:\/\/vmsistemos.lt\/?product=lauko-matinimo-saltinis-24v18a","title":{"rendered":"Lauko matinimo \u0161altinis valdomai kamerai 24V\/1.8A"},"content":{"rendered":"<h4>\u012etamp\u0105 ir srov\u0117 kei\u010diantis maitinimo \u0161altinis metaliniu korpusu su aliarmu ir garso i\u0161vestimis. \u0160io maitinimo \u0161altinio dangtis gali b\u016bti \u012fvarus: sienin\u0117 kojel\u0117 (AU-BW2), lubin\u0117 kojel\u0117, paprastas dangtis (nei vienas i\u0161 i\u0161vardint\u0173 \u012f komplekt\u0105 ne\u012feina). Eksploatuojamas tiek lauke tiek patalpose.<\/h4>\n","protected":false},"excerpt":{"rendered":"<h4>\u012etamp\u0105 ir srov\u0117 kei\u010diantis maitinimo \u0161altinis.<\/h4>\n","protected":false},"featured_media":382,"template":"","meta":{"_acf_changed":false},"product_brand":[],"product_cat":[35],"product_tag":[113,111,108,110],"class_list":{"0":"post-384","1":"product","2":"type-product","3":"status-publish","4":"has-post-thumbnail","6":"product_cat-matinimo-adapteriai","7":"product_tag-1-8a","8":"product_tag-24v","9":"product_tag-maitinimo-adapteris","10":"product_tag-power","12":"first","13":"onbackorder","14":"taxable","15":"shipping-taxable","16":"purchasable","17":"product-type-simple"},"acf":[],"_links":{"self":[{"href":"https:\/\/vmsistemos.lt\/index.php?rest_route=\/wp\/v2\/product\/384","targetHints":{"allow":["GET"]}}],"collection":[{"href":"https:\/\/vmsistemos.lt\/index.php?rest_route=\/wp\/v2\/product"}],"about":[{"href":"https:\/\/vmsistemos.lt\/index.php?rest_route=\/wp\/v2\/types\/product"}],"version-history":[{"count":0,"href":"https:\/\/vmsistemos.lt\/index.php?rest_route=\/wp\/v2\/product\/384\/revisions"}],"wp:featuredmedia":[{"embeddable":true,"href":"https:\/\/vmsistemos.lt\/index.php?rest_route=\/wp\/v2\/media\/382"}],"wp:attachment":[{"href":"https:\/\/vmsistemos.lt\/index.php?rest_route=%2Fwp%2Fv2%2Fmedia&parent=384"}],"wp:term":[{"taxonomy":"product_brand","embeddable":true,"href":"https:\/\/vmsistemos.lt\/index.php?rest_route=%2Fwp%2Fv2%2Fproduct_brand&post=384"},{"taxonomy":"product_cat","embeddable":true,"href":"https:\/\/vmsistemos.lt\/index.php?rest_route=%2Fwp%2Fv2%2Fproduct_cat&post=384"},{"taxonomy":"product_tag","embeddable":true,"href":"https:\/\/vmsistemos.lt\/index.php?rest_route=%2Fwp%2Fv2%2Fproduct_tag&post=384"}],"curies":[{"name":"wp","href":"https:\/\/api.w.org\/{rel}","templated":true}]}}