{"id":408,"date":"2019-03-18T17:44:23","date_gmt":"2019-03-18T15:44:23","guid":{"rendered":"http:\/\/192.168.10.101\/?post_type=product&#038;p=408"},"modified":"2023-06-09T14:32:31","modified_gmt":"2023-06-09T12:32:31","slug":"kameros-kojele-metaliniu-korpusu-3","status":"publish","type":"product","link":"https:\/\/vmsistemos.lt\/?product=kameros-kojele-metaliniu-korpusu-3","title":{"rendered":"Kameros kojel\u0117 metaliniu korpusu"},"content":{"rendered":"<h4>Sienin\u0117 &#8211; lubin\u0117 kameros kojel\u0117 metaliniu korpusu. Komplekte yra tvirtinimo var\u017etai.<\/h4>\n","protected":false},"excerpt":{"rendered":"<h4>Sienin\u0117 &#8211; lubin\u0117 kameros kojel\u0117 metaliniu korpusu. Komplekte yra tvirtinimo var\u017etai.<\/h4>\n","protected":false},"featured_media":406,"template":"","meta":{"_acf_changed":false},"product_brand":[],"product_cat":[45],"product_tag":[89,117,116],"class_list":{"0":"post-408","1":"product","2":"type-product","3":"status-publish","4":"has-post-thumbnail","6":"product_cat-laikikliai-stovai","7":"product_tag-kamera","8":"product_tag-koja","9":"product_tag-laikiklis","11":"first","12":"instock","13":"taxable","14":"shipping-taxable","15":"purchasable","16":"product-type-simple"},"acf":[],"_links":{"self":[{"href":"https:\/\/vmsistemos.lt\/index.php?rest_route=\/wp\/v2\/product\/408","targetHints":{"allow":["GET"]}}],"collection":[{"href":"https:\/\/vmsistemos.lt\/index.php?rest_route=\/wp\/v2\/product"}],"about":[{"href":"https:\/\/vmsistemos.lt\/index.php?rest_route=\/wp\/v2\/types\/product"}],"version-history":[{"count":0,"href":"https:\/\/vmsistemos.lt\/index.php?rest_route=\/wp\/v2\/product\/408\/revisions"}],"wp:featuredmedia":[{"embeddable":true,"href":"https:\/\/vmsistemos.lt\/index.php?rest_route=\/wp\/v2\/media\/406"}],"wp:attachment":[{"href":"https:\/\/vmsistemos.lt\/index.php?rest_route=%2Fwp%2Fv2%2Fmedia&parent=408"}],"wp:term":[{"taxonomy":"product_brand","embeddable":true,"href":"https:\/\/vmsistemos.lt\/index.php?rest_route=%2Fwp%2Fv2%2Fproduct_brand&post=408"},{"taxonomy":"product_cat","embeddable":true,"href":"https:\/\/vmsistemos.lt\/index.php?rest_route=%2Fwp%2Fv2%2Fproduct_cat&post=408"},{"taxonomy":"product_tag","embeddable":true,"href":"https:\/\/vmsistemos.lt\/index.php?rest_route=%2Fwp%2Fv2%2Fproduct_tag&post=408"}],"curies":[{"name":"wp","href":"https:\/\/api.w.org\/{rel}","templated":true}]}}