{"id":453,"date":"2019-03-15T17:25:36","date_gmt":"2019-03-15T19:25:36","guid":{"rendered":"http:\/\/192.168.10.101\/?post_type=product&#038;p=453"},"modified":"2023-06-09T14:32:31","modified_gmt":"2023-06-09T12:32:31","slug":"rca-bnc-keitiklis","status":"publish","type":"product","link":"https:\/\/vmsistemos.lt\/?product=rca-bnc-keitiklis","title":{"rendered":"RCA &#8211; BNC keitiklis"},"content":{"rendered":"<h4>\u0160is keitiklis skirtas pakeisti vaizdo signalo jungt\u012f i\u0161 RCA \u012f BNC.<\/h4>\n","protected":false},"excerpt":{"rendered":"<h4>\u0160is keitiklis skirtas pakeisti vaizdo signalo jungt\u012f i\u0161 RCA \u012f BNC.<\/h4>\n","protected":false},"featured_media":451,"template":"","meta":{"_acf_changed":false},"product_brand":[],"product_cat":[52],"product_tag":[128,132],"class_list":{"0":"post-453","1":"product","2":"type-product","3":"status-publish","4":"has-post-thumbnail","6":"product_cat-jungtys","7":"product_tag-bnc","8":"product_tag-rca","10":"first","11":"onbackorder","12":"sold-individually","13":"taxable","14":"shipping-taxable","15":"purchasable","16":"product-type-simple"},"acf":[],"_links":{"self":[{"href":"https:\/\/vmsistemos.lt\/index.php?rest_route=\/wp\/v2\/product\/453","targetHints":{"allow":["GET"]}}],"collection":[{"href":"https:\/\/vmsistemos.lt\/index.php?rest_route=\/wp\/v2\/product"}],"about":[{"href":"https:\/\/vmsistemos.lt\/index.php?rest_route=\/wp\/v2\/types\/product"}],"version-history":[{"count":0,"href":"https:\/\/vmsistemos.lt\/index.php?rest_route=\/wp\/v2\/product\/453\/revisions"}],"wp:featuredmedia":[{"embeddable":true,"href":"https:\/\/vmsistemos.lt\/index.php?rest_route=\/wp\/v2\/media\/451"}],"wp:attachment":[{"href":"https:\/\/vmsistemos.lt\/index.php?rest_route=%2Fwp%2Fv2%2Fmedia&parent=453"}],"wp:term":[{"taxonomy":"product_brand","embeddable":true,"href":"https:\/\/vmsistemos.lt\/index.php?rest_route=%2Fwp%2Fv2%2Fproduct_brand&post=453"},{"taxonomy":"product_cat","embeddable":true,"href":"https:\/\/vmsistemos.lt\/index.php?rest_route=%2Fwp%2Fv2%2Fproduct_cat&post=453"},{"taxonomy":"product_tag","embeddable":true,"href":"https:\/\/vmsistemos.lt\/index.php?rest_route=%2Fwp%2Fv2%2Fproduct_tag&post=453"}],"curies":[{"name":"wp","href":"https:\/\/api.w.org\/{rel}","templated":true}]}}