{"id":465,"date":"2019-03-12T10:14:10","date_gmt":"2019-03-12T12:14:10","guid":{"rendered":"http:\/\/192.168.10.101\/?post_type=product&#038;p=465"},"modified":"2023-06-09T14:32:28","modified_gmt":"2023-06-09T12:32:28","slug":"skaitmeninis-pll-moduliatorius","status":"publish","type":"product","link":"https:\/\/vmsistemos.lt\/?product=skaitmeninis-pll-moduliatorius","title":{"rendered":"Skaitmeninis PLL moduliatorius"},"content":{"rendered":"<h4>Prie \u0161io skaitmeninio PLL moduliatoriaus jungiasi vaizdo kamera (ar kitas vaizdo\/garso \u012frenginys), televizijos kabelis RG6, kuris prijungtas prie televizoriaus ir analogin\u0117 antena. Moduliatoriumi nustatomas transliuojamas televizijos kanalas. Tokiu b\u016bdu televizoriuje \u012fjungus pasirinkt\u0105 televizijos kanal\u0105 j\u016bs matysite vaizdo kameros ar kito vaizdo\/garso \u012frenginio tiekiam\u0105 vaizd\u0105.<\/h4>\n","protected":false},"excerpt":{"rendered":"<h4>Prie \u0161io PLL moduliatoriaus jungiasi vaizdo kamera, televizijos kabelis ir antena.<\/h4>\n","protected":false},"featured_media":463,"template":"","meta":{"_acf_changed":false},"product_brand":[],"product_cat":[54],"product_tag":[128,125,139,129],"class_list":{"0":"post-465","1":"product","2":"type-product","3":"status-publish","4":"has-post-thumbnail","6":"product_cat-keitikliai-stiprintuvai","7":"product_tag-bnc","8":"product_tag-keitiklis","9":"product_tag-moduliatorius","10":"product_tag-stiprintuvas","12":"first","13":"instock","14":"taxable","15":"shipping-taxable","16":"purchasable","17":"product-type-simple"},"acf":[],"_links":{"self":[{"href":"https:\/\/vmsistemos.lt\/index.php?rest_route=\/wp\/v2\/product\/465","targetHints":{"allow":["GET"]}}],"collection":[{"href":"https:\/\/vmsistemos.lt\/index.php?rest_route=\/wp\/v2\/product"}],"about":[{"href":"https:\/\/vmsistemos.lt\/index.php?rest_route=\/wp\/v2\/types\/product"}],"version-history":[{"count":0,"href":"https:\/\/vmsistemos.lt\/index.php?rest_route=\/wp\/v2\/product\/465\/revisions"}],"wp:featuredmedia":[{"embeddable":true,"href":"https:\/\/vmsistemos.lt\/index.php?rest_route=\/wp\/v2\/media\/463"}],"wp:attachment":[{"href":"https:\/\/vmsistemos.lt\/index.php?rest_route=%2Fwp%2Fv2%2Fmedia&parent=465"}],"wp:term":[{"taxonomy":"product_brand","embeddable":true,"href":"https:\/\/vmsistemos.lt\/index.php?rest_route=%2Fwp%2Fv2%2Fproduct_brand&post=465"},{"taxonomy":"product_cat","embeddable":true,"href":"https:\/\/vmsistemos.lt\/index.php?rest_route=%2Fwp%2Fv2%2Fproduct_cat&post=465"},{"taxonomy":"product_tag","embeddable":true,"href":"https:\/\/vmsistemos.lt\/index.php?rest_route=%2Fwp%2Fv2%2Fproduct_tag&post=465"}],"curies":[{"name":"wp","href":"https:\/\/api.w.org\/{rel}","templated":true}]}}