{"id":481,"date":"2019-03-12T10:13:49","date_gmt":"2019-03-12T08:13:49","guid":{"rendered":"http:\/\/192.168.10.101\/?post_type=product&#038;p=481"},"modified":"2023-06-09T14:32:28","modified_gmt":"2023-06-09T12:32:28","slug":"ir-kameros-imitacija","status":"publish","type":"product","link":"https:\/\/vmsistemos.lt\/?product=ir-kameros-imitacija","title":{"rendered":"IR kameros imitacija"},"content":{"rendered":"<h4>Netikra vaizdo kamera su tvirtinimo kejele, dvejomis AA element\u0173 vietomis ir pora LED lempu\u010di\u0173. Kitos lemut\u0117s imitacin\u0117s.<\/h4>\n","protected":false},"excerpt":{"rendered":"<h4>Netikra vaizdo kamera su tvirtinimo kejele, dvejomis AA element\u0173 vietomis ir pora LED lempu\u010di\u0173. Kitos lemut\u0117s imitacin\u0117s.<\/h4>\n","protected":false},"featured_media":478,"template":"","meta":{"_acf_changed":false},"product_brand":[],"product_cat":[50],"product_tag":[142,89,141],"class_list":{"0":"post-481","1":"product","2":"type-product","3":"status-publish","4":"has-post-thumbnail","6":"product_cat-kameros-imitacijos","7":"product_tag-imitacija","8":"product_tag-kamera","9":"product_tag-netikra-kamera","11":"first","12":"instock","13":"sale","14":"taxable","15":"shipping-taxable","16":"purchasable","17":"product-type-simple"},"acf":[],"_links":{"self":[{"href":"https:\/\/vmsistemos.lt\/index.php?rest_route=\/wp\/v2\/product\/481","targetHints":{"allow":["GET"]}}],"collection":[{"href":"https:\/\/vmsistemos.lt\/index.php?rest_route=\/wp\/v2\/product"}],"about":[{"href":"https:\/\/vmsistemos.lt\/index.php?rest_route=\/wp\/v2\/types\/product"}],"version-history":[{"count":0,"href":"https:\/\/vmsistemos.lt\/index.php?rest_route=\/wp\/v2\/product\/481\/revisions"}],"wp:featuredmedia":[{"embeddable":true,"href":"https:\/\/vmsistemos.lt\/index.php?rest_route=\/wp\/v2\/media\/478"}],"wp:attachment":[{"href":"https:\/\/vmsistemos.lt\/index.php?rest_route=%2Fwp%2Fv2%2Fmedia&parent=481"}],"wp:term":[{"taxonomy":"product_brand","embeddable":true,"href":"https:\/\/vmsistemos.lt\/index.php?rest_route=%2Fwp%2Fv2%2Fproduct_brand&post=481"},{"taxonomy":"product_cat","embeddable":true,"href":"https:\/\/vmsistemos.lt\/index.php?rest_route=%2Fwp%2Fv2%2Fproduct_cat&post=481"},{"taxonomy":"product_tag","embeddable":true,"href":"https:\/\/vmsistemos.lt\/index.php?rest_route=%2Fwp%2Fv2%2Fproduct_tag&post=481"}],"curies":[{"name":"wp","href":"https:\/\/api.w.org\/{rel}","templated":true}]}}