{"id":496,"date":"2019-03-15T17:16:43","date_gmt":"2019-03-15T15:16:43","guid":{"rendered":"http:\/\/192.168.10.101\/?post_type=product&#038;p=496"},"modified":"2023-06-09T14:32:31","modified_gmt":"2023-06-09T12:32:31","slug":"slapta-ip-kamera-priesgaisriniame-purkstuke-10mpix","status":"publish","type":"product","link":"https:\/\/vmsistemos.lt\/?product=slapta-ip-kamera-priesgaisriniame-purkstuke-10mpix","title":{"rendered":"IP kamera prie\u0161gaisriniame purk\u0161tuke 1.0Mpix"},"content":{"rendered":"<h4>Skaitmenin\u0117 (IP) kamera prie\u0161gaisrinio purk\u0161tuko korpuse su PoE (Power over Ethernet) maitinimu. 1.0Mpix<\/h4>\n","protected":false},"excerpt":{"rendered":"<h4>Skaitmenin\u0117 (IP) kamera prie\u0161gaisrinio purk\u0161tuko korpuse su PoE (Power over Ethernet) maitinimu. 1.0Mpix<\/h4>\n","protected":false},"featured_media":491,"template":"","meta":{"_acf_changed":false},"product_brand":[],"product_cat":[51,44],"product_tag":[102,103,89,144,143,90],"class_list":{"0":"post-496","1":"product","2":"type-product","3":"status-publish","4":"has-post-thumbnail","6":"product_cat-slaptos-kameros","7":"product_cat-skaitmenines-ip-kameros","8":"product_tag-ip","9":"product_tag-ip-kamera","10":"product_tag-kamera","11":"product_tag-poe","12":"product_tag-skaitmenine","13":"product_tag-slapta-kamera","15":"first","16":"instock","17":"sale","18":"taxable","19":"shipping-taxable","20":"purchasable","21":"product-type-simple"},"acf":[],"_links":{"self":[{"href":"https:\/\/vmsistemos.lt\/index.php?rest_route=\/wp\/v2\/product\/496","targetHints":{"allow":["GET"]}}],"collection":[{"href":"https:\/\/vmsistemos.lt\/index.php?rest_route=\/wp\/v2\/product"}],"about":[{"href":"https:\/\/vmsistemos.lt\/index.php?rest_route=\/wp\/v2\/types\/product"}],"version-history":[{"count":0,"href":"https:\/\/vmsistemos.lt\/index.php?rest_route=\/wp\/v2\/product\/496\/revisions"}],"wp:featuredmedia":[{"embeddable":true,"href":"https:\/\/vmsistemos.lt\/index.php?rest_route=\/wp\/v2\/media\/491"}],"wp:attachment":[{"href":"https:\/\/vmsistemos.lt\/index.php?rest_route=%2Fwp%2Fv2%2Fmedia&parent=496"}],"wp:term":[{"taxonomy":"product_brand","embeddable":true,"href":"https:\/\/vmsistemos.lt\/index.php?rest_route=%2Fwp%2Fv2%2Fproduct_brand&post=496"},{"taxonomy":"product_cat","embeddable":true,"href":"https:\/\/vmsistemos.lt\/index.php?rest_route=%2Fwp%2Fv2%2Fproduct_cat&post=496"},{"taxonomy":"product_tag","embeddable":true,"href":"https:\/\/vmsistemos.lt\/index.php?rest_route=%2Fwp%2Fv2%2Fproduct_tag&post=496"}],"curies":[{"name":"wp","href":"https:\/\/api.w.org\/{rel}","templated":true}]}}