{"id":510,"date":"2019-03-12T10:13:29","date_gmt":"2019-03-12T12:13:29","guid":{"rendered":"http:\/\/192.168.10.101\/?post_type=product&#038;p=510"},"modified":"2023-06-09T14:32:28","modified_gmt":"2023-06-09T12:32:28","slug":"bnc-bnc-2m-kabelis","status":"publish","type":"product","link":"https:\/\/vmsistemos.lt\/?product=bnc-bnc-2m-kabelis","title":{"rendered":"BNC &#8211; BNC 2m kabelis"},"content":{"rendered":"<h4>BNC &#8211; BNC 2\u00a0metr\u0173 kabelis skirtas prijungti vaizdo kamer\u0105 prie \u012fra\u0161ymo \u012frenginio.<\/h4>\n","protected":false},"excerpt":{"rendered":"<h4>BNC &#8211; BNC\u00a02\u00a0metr\u0173 kabelis.<\/h4>\n","protected":false},"featured_media":509,"template":"","meta":{"_acf_changed":false},"product_brand":[],"product_cat":[52],"product_tag":[128,138,89,137,133],"class_list":{"0":"post-510","1":"product","2":"type-product","3":"status-publish","4":"has-post-thumbnail","6":"product_cat-jungtys","7":"product_tag-bnc","8":"product_tag-kabelis","9":"product_tag-kamera","10":"product_tag-pac-kabelis","11":"product_tag-rg59","13":"first","14":"outofstock","15":"sold-individually","16":"taxable","17":"shipping-taxable","18":"purchasable","19":"product-type-simple"},"acf":[],"_links":{"self":[{"href":"https:\/\/vmsistemos.lt\/index.php?rest_route=\/wp\/v2\/product\/510","targetHints":{"allow":["GET"]}}],"collection":[{"href":"https:\/\/vmsistemos.lt\/index.php?rest_route=\/wp\/v2\/product"}],"about":[{"href":"https:\/\/vmsistemos.lt\/index.php?rest_route=\/wp\/v2\/types\/product"}],"version-history":[{"count":0,"href":"https:\/\/vmsistemos.lt\/index.php?rest_route=\/wp\/v2\/product\/510\/revisions"}],"wp:featuredmedia":[{"embeddable":true,"href":"https:\/\/vmsistemos.lt\/index.php?rest_route=\/wp\/v2\/media\/509"}],"wp:attachment":[{"href":"https:\/\/vmsistemos.lt\/index.php?rest_route=%2Fwp%2Fv2%2Fmedia&parent=510"}],"wp:term":[{"taxonomy":"product_brand","embeddable":true,"href":"https:\/\/vmsistemos.lt\/index.php?rest_route=%2Fwp%2Fv2%2Fproduct_brand&post=510"},{"taxonomy":"product_cat","embeddable":true,"href":"https:\/\/vmsistemos.lt\/index.php?rest_route=%2Fwp%2Fv2%2Fproduct_cat&post=510"},{"taxonomy":"product_tag","embeddable":true,"href":"https:\/\/vmsistemos.lt\/index.php?rest_route=%2Fwp%2Fv2%2Fproduct_tag&post=510"}],"curies":[{"name":"wp","href":"https:\/\/api.w.org\/{rel}","templated":true}]}}