{"id":519,"date":"2019-03-12T10:13:04","date_gmt":"2019-03-12T12:13:04","guid":{"rendered":"http:\/\/192.168.10.101\/?post_type=product&#038;p=519"},"modified":"2025-07-25T11:41:25","modified_gmt":"2025-07-25T09:41:25","slug":"poe-inzektorius","status":"publish","type":"product","link":"https:\/\/vmsistemos.lt\/?product=poe-inzektorius","title":{"rendered":"PoE in\u017eektorius"},"content":{"rendered":"<h4>PoE (Power over Ethernet) in\u017eektorius. Tai maitinimo adapteris, kuris suteikia skaitmenini\u0173 vaizdo kamer\u0173 duomen\u0173 kabeliui (UTP) elektros srov\u0119 ir duomen\u0173 gavimo sraut\u0105. Eksploatuojamas tik patalpose.<\/h4>\n","protected":false},"excerpt":{"rendered":"<h4>PoE (Power over Ethernet) in\u017eektorius. Eksploatuojamas tik patalpose.<\/h4>\n","protected":false},"featured_media":516,"template":"","meta":{"_acf_changed":false},"product_brand":[],"product_cat":[54,35],"product_tag":[151,102,89,146,144,143],"class_list":{"0":"post-519","1":"product","2":"type-product","3":"status-publish","4":"has-post-thumbnail","6":"product_cat-keitikliai-stiprintuvai","7":"product_cat-matinimo-adapteriai","8":"product_tag-inzektorius","9":"product_tag-ip","10":"product_tag-kamera","11":"product_tag-mitinimo-adapteris","12":"product_tag-poe","13":"product_tag-skaitmenine","15":"first","16":"outofstock","17":"taxable","18":"shipping-taxable","19":"purchasable","20":"product-type-simple"},"acf":[],"_links":{"self":[{"href":"https:\/\/vmsistemos.lt\/index.php?rest_route=\/wp\/v2\/product\/519","targetHints":{"allow":["GET"]}}],"collection":[{"href":"https:\/\/vmsistemos.lt\/index.php?rest_route=\/wp\/v2\/product"}],"about":[{"href":"https:\/\/vmsistemos.lt\/index.php?rest_route=\/wp\/v2\/types\/product"}],"version-history":[{"count":1,"href":"https:\/\/vmsistemos.lt\/index.php?rest_route=\/wp\/v2\/product\/519\/revisions"}],"predecessor-version":[{"id":6439,"href":"https:\/\/vmsistemos.lt\/index.php?rest_route=\/wp\/v2\/product\/519\/revisions\/6439"}],"wp:featuredmedia":[{"embeddable":true,"href":"https:\/\/vmsistemos.lt\/index.php?rest_route=\/wp\/v2\/media\/516"}],"wp:attachment":[{"href":"https:\/\/vmsistemos.lt\/index.php?rest_route=%2Fwp%2Fv2%2Fmedia&parent=519"}],"wp:term":[{"taxonomy":"product_brand","embeddable":true,"href":"https:\/\/vmsistemos.lt\/index.php?rest_route=%2Fwp%2Fv2%2Fproduct_brand&post=519"},{"taxonomy":"product_cat","embeddable":true,"href":"https:\/\/vmsistemos.lt\/index.php?rest_route=%2Fwp%2Fv2%2Fproduct_cat&post=519"},{"taxonomy":"product_tag","embeddable":true,"href":"https:\/\/vmsistemos.lt\/index.php?rest_route=%2Fwp%2Fv2%2Fproduct_tag&post=519"}],"curies":[{"name":"wp","href":"https:\/\/api.w.org\/{rel}","templated":true}]}}