{"id":5234,"date":"2020-03-12T13:50:53","date_gmt":"2020-03-12T10:50:53","guid":{"rendered":"http:\/\/192.168.10.101\/?post_type=product&#038;p=5234"},"modified":"2023-06-09T14:32:33","modified_gmt":"2023-06-09T12:32:33","slug":"analogine-ahd-2mpix-kupoline-vidine-kamera-2-8mm","status":"publish","type":"product","link":"https:\/\/vmsistemos.lt\/?product=analogine-ahd-2mpix-kupoline-vidine-kamera-2-8mm","title":{"rendered":"Analogin\u0117 AHD 2Mpix kupolin\u0117 vidin\u0117 kamera 2.8mm"},"content":{"rendered":"<p>Analogin\u0117 AHD 2Mpix kupolin\u0117 vidin\u0117 kamera 2.8mm<\/p>\n","protected":false},"excerpt":{"rendered":"<p>Analogin\u0117 AHD 2Mpix kupolin\u0117 vidin\u0117 kamera 2.8mm<\/p>\n","protected":false},"featured_media":5236,"template":"","meta":{"_acf_changed":false},"product_brand":[],"product_cat":[55],"product_tag":[255,244,169,106,89,175],"class_list":{"0":"post-5234","1":"product","2":"type-product","3":"status-publish","4":"has-post-thumbnail","6":"product_cat-analogines-ahd-kameros","7":"product_tag-2-8mm","8":"product_tag-2mp","9":"product_tag-ahd","10":"product_tag-analogine","11":"product_tag-kamera","12":"product_tag-vidine","14":"first","15":"instock","16":"taxable","17":"shipping-taxable","18":"purchasable","19":"product-type-simple"},"acf":[],"_links":{"self":[{"href":"https:\/\/vmsistemos.lt\/index.php?rest_route=\/wp\/v2\/product\/5234","targetHints":{"allow":["GET"]}}],"collection":[{"href":"https:\/\/vmsistemos.lt\/index.php?rest_route=\/wp\/v2\/product"}],"about":[{"href":"https:\/\/vmsistemos.lt\/index.php?rest_route=\/wp\/v2\/types\/product"}],"version-history":[{"count":0,"href":"https:\/\/vmsistemos.lt\/index.php?rest_route=\/wp\/v2\/product\/5234\/revisions"}],"wp:featuredmedia":[{"embeddable":true,"href":"https:\/\/vmsistemos.lt\/index.php?rest_route=\/wp\/v2\/media\/5236"}],"wp:attachment":[{"href":"https:\/\/vmsistemos.lt\/index.php?rest_route=%2Fwp%2Fv2%2Fmedia&parent=5234"}],"wp:term":[{"taxonomy":"product_brand","embeddable":true,"href":"https:\/\/vmsistemos.lt\/index.php?rest_route=%2Fwp%2Fv2%2Fproduct_brand&post=5234"},{"taxonomy":"product_cat","embeddable":true,"href":"https:\/\/vmsistemos.lt\/index.php?rest_route=%2Fwp%2Fv2%2Fproduct_cat&post=5234"},{"taxonomy":"product_tag","embeddable":true,"href":"https:\/\/vmsistemos.lt\/index.php?rest_route=%2Fwp%2Fv2%2Fproduct_tag&post=5234"}],"curies":[{"name":"wp","href":"https:\/\/api.w.org\/{rel}","templated":true}]}}