{"id":5379,"date":"2020-04-02T12:26:09","date_gmt":"2020-04-02T09:26:09","guid":{"rendered":"http:\/\/192.168.10.101\/?post_type=product&#038;p=5379"},"modified":"2023-06-09T14:32:33","modified_gmt":"2023-06-09T12:32:33","slug":"termovizorine-kamera","status":"publish","type":"product","link":"https:\/\/vmsistemos.lt\/?product=termovizorine-kamera","title":{"rendered":"Termovizorin\u0117 kamera"},"content":{"rendered":"<div class=\"page\" title=\"Page 1\">\n<div class=\"section\">\n<div class=\"layoutArea\">\n<div class=\"column\">\n<p>&nbsp;<\/p>\n<ul>\n<li>Termografin\u0117 kamera, k\u016bno temperat\u016brai matuoti<\/li>\n<li>Tikslus temperat\u016bros matavimas realiu laiku<\/li>\n<li>\u017dmoni\u0173, kuri\u0173 k\u016bno temperat\u016bra auk\u0161tesn\u0117, gaudymas ir sekimas perpildytose vie\u0161osiose vietose<\/li>\n<li>Dvigubas vaizdas \u0161iluminis ir optinis vienu metuPicture in Picture \u2013 partial image of thermal channel on the optical channel&#8217;s full image<\/li>\n<li>Audio ir aliarminiai i\u0161\u0117jimai<\/li>\n<li>Objektyvas: f = 10 mm plataus kampo (terminio modulio)<\/li>\n<li>Opjektyvas: f = 4 mm fiksuoto \u017eidinio (optinio modulio)<\/li>\n<li>H.265, H.264 &amp; MJPEG<\/li>\n<\/ul>\n<p><a href=\"http:\/\/s709917689.online.de\/MARKETING\/EXCHANGE\/WEBSITE\/WEBSITE_MEDIA_POOL\/DSH-GD-TI-BT2510T--V1-EN.pdf\">Daugiau informacijos rasite \u010dia<\/a><\/p>\n<p><a href=\"http:\/\/s709917689.online.de\/MARKETING\/EXCHANGE\/WEBSITE\/WEBSITE_MEDIA_POOL\/UG-GD-CI-xxxxxxx-2019-02-25-V2-EN.pdf\">Vartotojo vadovas \u010dia\u00a0<\/a><\/p>\n<p>Pristatymo terminas: iki 3 savai\u010di\u0173.<\/p>\n<\/div>\n<\/div>\n<\/div>\n<\/div>\n","protected":false},"excerpt":{"rendered":"<p>Termovizorin\u0117 IP Kamera 10mm, k\u016bno temperat\u016bros matavimui<\/p>\n","protected":false},"featured_media":5381,"template":"","meta":{"_acf_changed":false},"product_brand":[],"product_cat":[256],"product_tag":[226,260,257,258,259],"class_list":{"0":"post-5379","1":"product","2":"type-product","3":"status-publish","4":"has-post-thumbnail","6":"product_cat-grundig-termovizoriai","7":"product_tag-grundig","8":"product_tag-termovizorius","9":"product_tag-thermal","10":"product_tag-thermal-bullet","11":"product_tag-thermal-camera","13":"first","14":"onbackorder","15":"taxable","16":"shipping-taxable","17":"purchasable","18":"product-type-simple"},"acf":[],"_links":{"self":[{"href":"https:\/\/vmsistemos.lt\/index.php?rest_route=\/wp\/v2\/product\/5379","targetHints":{"allow":["GET"]}}],"collection":[{"href":"https:\/\/vmsistemos.lt\/index.php?rest_route=\/wp\/v2\/product"}],"about":[{"href":"https:\/\/vmsistemos.lt\/index.php?rest_route=\/wp\/v2\/types\/product"}],"version-history":[{"count":1,"href":"https:\/\/vmsistemos.lt\/index.php?rest_route=\/wp\/v2\/product\/5379\/revisions"}],"predecessor-version":[{"id":5380,"href":"https:\/\/vmsistemos.lt\/index.php?rest_route=\/wp\/v2\/product\/5379\/revisions\/5380"}],"wp:featuredmedia":[{"embeddable":true,"href":"https:\/\/vmsistemos.lt\/index.php?rest_route=\/wp\/v2\/media\/5381"}],"wp:attachment":[{"href":"https:\/\/vmsistemos.lt\/index.php?rest_route=%2Fwp%2Fv2%2Fmedia&parent=5379"}],"wp:term":[{"taxonomy":"product_brand","embeddable":true,"href":"https:\/\/vmsistemos.lt\/index.php?rest_route=%2Fwp%2Fv2%2Fproduct_brand&post=5379"},{"taxonomy":"product_cat","embeddable":true,"href":"https:\/\/vmsistemos.lt\/index.php?rest_route=%2Fwp%2Fv2%2Fproduct_cat&post=5379"},{"taxonomy":"product_tag","embeddable":true,"href":"https:\/\/vmsistemos.lt\/index.php?rest_route=%2Fwp%2Fv2%2Fproduct_tag&post=5379"}],"curies":[{"name":"wp","href":"https:\/\/api.w.org\/{rel}","templated":true}]}}