{"id":5387,"date":"2020-06-15T11:13:27","date_gmt":"2020-06-15T09:13:27","guid":{"rendered":"http:\/\/192.168.10.101\/?post_type=product&#038;p=5387"},"modified":"2025-01-09T11:09:44","modified_gmt":"2025-01-09T09:09:44","slug":"2mpix-kupoline-vidine-ip-kamera-2ir-3-6mm","status":"publish","type":"product","link":"https:\/\/vmsistemos.lt\/?product=2mpix-kupoline-vidine-ip-kamera-2ir-3-6mm","title":{"rendered":"2Mpix kupolin\u0117 vidin\u0117 IP kamera 2IR 3.6mm"},"content":{"rendered":"<p>2Mpix kupolin\u0117 vidin\u0117 IP kamera 2IR 3.6mm. Plastikinis korpusas. 12V\/PoE maitinimas.<\/p>\n<p><a class=\"btn btn-default\" href=\"https:\/\/vmsistemos.lt:8080\/share\/k60SW9N3\" target=\"_blank\" rel=\"noopener noreferrer\">Paie\u0161kos \u012frankis<\/a><\/p>\n<p><a class=\"btn btn-default\" href=\"https:\/\/vmsistemos.lt:8080\/share\/qN7_5wYu\" target=\"_blank\" rel=\"noopener noreferrer\">Windows CMS<\/a><\/p>\n<p><a class=\"btn btn-default\" href=\"https:\/\/vmsistemos.lt:8080\/share\/7JUv6Xaa\" target=\"_blank\" rel=\"noopener noreferrer\">IOS CMS<\/a><\/p>\n","protected":false},"excerpt":{"rendered":"<p>2Mpix kupolin\u0117 vidin\u0117 IP kamera 2IR 3.6mm<\/p>\n","protected":false},"featured_media":1832,"template":"","meta":{"_acf_changed":false},"product_brand":[],"product_cat":[44],"product_tag":[245,244,243,102,99,89,97,144,175],"class_list":{"0":"post-5387","1":"product","2":"type-product","3":"status-publish","4":"has-post-thumbnail","6":"product_cat-skaitmenines-ip-kameros","7":"product_tag-2ir","8":"product_tag-2mp","9":"product_tag-3-6mm","10":"product_tag-ip","11":"product_tag-ir","12":"product_tag-kamera","13":"product_tag-kupoline","14":"product_tag-poe","15":"product_tag-vidine","17":"first","18":"outofstock","19":"taxable","20":"shipping-taxable","21":"purchasable","22":"product-type-simple"},"acf":[],"_links":{"self":[{"href":"https:\/\/vmsistemos.lt\/index.php?rest_route=\/wp\/v2\/product\/5387","targetHints":{"allow":["GET"]}}],"collection":[{"href":"https:\/\/vmsistemos.lt\/index.php?rest_route=\/wp\/v2\/product"}],"about":[{"href":"https:\/\/vmsistemos.lt\/index.php?rest_route=\/wp\/v2\/types\/product"}],"version-history":[{"count":2,"href":"https:\/\/vmsistemos.lt\/index.php?rest_route=\/wp\/v2\/product\/5387\/revisions"}],"predecessor-version":[{"id":6420,"href":"https:\/\/vmsistemos.lt\/index.php?rest_route=\/wp\/v2\/product\/5387\/revisions\/6420"}],"wp:featuredmedia":[{"embeddable":true,"href":"https:\/\/vmsistemos.lt\/index.php?rest_route=\/wp\/v2\/media\/1832"}],"wp:attachment":[{"href":"https:\/\/vmsistemos.lt\/index.php?rest_route=%2Fwp%2Fv2%2Fmedia&parent=5387"}],"wp:term":[{"taxonomy":"product_brand","embeddable":true,"href":"https:\/\/vmsistemos.lt\/index.php?rest_route=%2Fwp%2Fv2%2Fproduct_brand&post=5387"},{"taxonomy":"product_cat","embeddable":true,"href":"https:\/\/vmsistemos.lt\/index.php?rest_route=%2Fwp%2Fv2%2Fproduct_cat&post=5387"},{"taxonomy":"product_tag","embeddable":true,"href":"https:\/\/vmsistemos.lt\/index.php?rest_route=%2Fwp%2Fv2%2Fproduct_tag&post=5387"}],"curies":[{"name":"wp","href":"https:\/\/api.w.org\/{rel}","templated":true}]}}