{"id":5430,"date":"2020-06-26T13:40:36","date_gmt":"2020-06-26T11:40:36","guid":{"rendered":"http:\/\/192.168.10.101\/?post_type=product&#038;p=5430"},"modified":"2024-04-26T09:53:25","modified_gmt":"2024-04-26T07:53:25","slug":"gigabit-optinis-keitiklis-su-sfp-lizdu","status":"publish","type":"product","link":"https:\/\/vmsistemos.lt\/?product=gigabit-optinis-keitiklis-su-sfp-lizdu","title":{"rendered":"Gigabit optinis keitiklis su SFP lizdu"},"content":{"rendered":"<h4>Gigabit optinis keitiklis su SFP lizdu.<\/h4>\n<ul>\n<li>Atitinka IEEE 802.3 10BASE-T, IEEE 802.3u, 100BASE-TX, IEEE 802.3ab 1000BASE-T<\/li>\n<li>Palaiko 10\/100\/1000BASE-T auto-negotiation ir auto-MDI\/MDI-X<\/li>\n<li>Galima tvirtinti prie sienos<\/li>\n<li>Kompakti\u0161kas, lengvai montuojamas<\/li>\n<\/ul>\n<p>\u0160is optinis keitiklis praple\u010dia tinklo atstum\u0105 ir pasi\u017eymi dideliu (gigabitiniu) na\u0161umu per \u0161viesolaidin\u012f kabel\u012f.<br \/>\nGalima naudoti tiek single mode tiek multi mode SFP modulius.<\/p>\n","protected":false},"excerpt":{"rendered":"<h4>Gigabit optinis keitiklis su SFP lizdu<\/h4>\n","protected":false},"featured_media":5431,"template":"","meta":{"_acf_changed":false},"product_brand":[],"product_cat":[54],"product_tag":[217,125,261,225],"class_list":{"0":"post-5430","1":"product","2":"type-product","3":"status-publish","4":"has-post-thumbnail","6":"product_cat-keitikliai-stiprintuvai","7":"product_tag-gigabit","8":"product_tag-keitiklis","9":"product_tag-optinis","10":"product_tag-sfp","12":"first","13":"instock","14":"taxable","15":"shipping-taxable","16":"purchasable","17":"product-type-simple"},"acf":[],"_links":{"self":[{"href":"https:\/\/vmsistemos.lt\/index.php?rest_route=\/wp\/v2\/product\/5430","targetHints":{"allow":["GET"]}}],"collection":[{"href":"https:\/\/vmsistemos.lt\/index.php?rest_route=\/wp\/v2\/product"}],"about":[{"href":"https:\/\/vmsistemos.lt\/index.php?rest_route=\/wp\/v2\/types\/product"}],"version-history":[{"count":1,"href":"https:\/\/vmsistemos.lt\/index.php?rest_route=\/wp\/v2\/product\/5430\/revisions"}],"predecessor-version":[{"id":6362,"href":"https:\/\/vmsistemos.lt\/index.php?rest_route=\/wp\/v2\/product\/5430\/revisions\/6362"}],"wp:featuredmedia":[{"embeddable":true,"href":"https:\/\/vmsistemos.lt\/index.php?rest_route=\/wp\/v2\/media\/5431"}],"wp:attachment":[{"href":"https:\/\/vmsistemos.lt\/index.php?rest_route=%2Fwp%2Fv2%2Fmedia&parent=5430"}],"wp:term":[{"taxonomy":"product_brand","embeddable":true,"href":"https:\/\/vmsistemos.lt\/index.php?rest_route=%2Fwp%2Fv2%2Fproduct_brand&post=5430"},{"taxonomy":"product_cat","embeddable":true,"href":"https:\/\/vmsistemos.lt\/index.php?rest_route=%2Fwp%2Fv2%2Fproduct_cat&post=5430"},{"taxonomy":"product_tag","embeddable":true,"href":"https:\/\/vmsistemos.lt\/index.php?rest_route=%2Fwp%2Fv2%2Fproduct_tag&post=5430"}],"curies":[{"name":"wp","href":"https:\/\/api.w.org\/{rel}","templated":true}]}}