{"id":5453,"date":"2020-07-16T12:16:20","date_gmt":"2020-07-16T10:16:20","guid":{"rendered":"http:\/\/192.168.10.101\/?post_type=product&#038;p=5453"},"modified":"2024-05-24T09:17:12","modified_gmt":"2024-05-24T07:17:12","slug":"4-kanalu-poe-tinklo-stiprintuvas-sakotuvas","status":"publish","type":"product","link":"https:\/\/vmsistemos.lt\/?product=4-kanalu-poe-tinklo-stiprintuvas-sakotuvas","title":{"rendered":"4 kanal\u0173 PoE tinklo stiprintuvas-\u0161akotuvas"},"content":{"rendered":"<h4>PoE tinklo stiprintuvas naudojamas ilgesniuose nei 100m atstumuose. Pajungiant stiprintuv\u0105 tiek PoE, tiek Ethernet tinklas gali b\u016bti pailgintas iki 200m. Nereikalingas joks papildomas maitinimo \u0161altinis. Galima pajungti iki 4 PoE \u012frengini\u0173.<br \/>\n\u012evesties PoE galingumas iki 25.5W, i\u0161vesties PoE galingumas iki 15.4W per port\u0105.<br \/>\nPilnai atitinka IEEE802.3at\/IEEE802.3af (PoE) standartus. Pagaminta Kinijoje.<\/h4>\n","protected":false},"excerpt":{"rendered":"<h4>4 kanal\u0173 PoE tinklo stiprintuvas-\u0161akotuvas<\/h4>\n","protected":false},"featured_media":5454,"template":"","meta":{"_acf_changed":false},"product_brand":[],"product_cat":[54,35],"product_tag":[147,102,103,144,130,129],"class_list":{"0":"post-5453","1":"product","2":"type-product","3":"status-publish","4":"has-post-thumbnail","6":"product_cat-keitikliai-stiprintuvai","7":"product_cat-matinimo-adapteriai","8":"product_tag-4-kanalu","9":"product_tag-ip","10":"product_tag-ip-kamera","11":"product_tag-poe","12":"product_tag-sakotuvas","13":"product_tag-stiprintuvas","15":"first","16":"instock","17":"taxable","18":"shipping-taxable","19":"purchasable","20":"product-type-simple"},"acf":[],"_links":{"self":[{"href":"https:\/\/vmsistemos.lt\/index.php?rest_route=\/wp\/v2\/product\/5453","targetHints":{"allow":["GET"]}}],"collection":[{"href":"https:\/\/vmsistemos.lt\/index.php?rest_route=\/wp\/v2\/product"}],"about":[{"href":"https:\/\/vmsistemos.lt\/index.php?rest_route=\/wp\/v2\/types\/product"}],"version-history":[{"count":2,"href":"https:\/\/vmsistemos.lt\/index.php?rest_route=\/wp\/v2\/product\/5453\/revisions"}],"predecessor-version":[{"id":6355,"href":"https:\/\/vmsistemos.lt\/index.php?rest_route=\/wp\/v2\/product\/5453\/revisions\/6355"}],"wp:featuredmedia":[{"embeddable":true,"href":"https:\/\/vmsistemos.lt\/index.php?rest_route=\/wp\/v2\/media\/5454"}],"wp:attachment":[{"href":"https:\/\/vmsistemos.lt\/index.php?rest_route=%2Fwp%2Fv2%2Fmedia&parent=5453"}],"wp:term":[{"taxonomy":"product_brand","embeddable":true,"href":"https:\/\/vmsistemos.lt\/index.php?rest_route=%2Fwp%2Fv2%2Fproduct_brand&post=5453"},{"taxonomy":"product_cat","embeddable":true,"href":"https:\/\/vmsistemos.lt\/index.php?rest_route=%2Fwp%2Fv2%2Fproduct_cat&post=5453"},{"taxonomy":"product_tag","embeddable":true,"href":"https:\/\/vmsistemos.lt\/index.php?rest_route=%2Fwp%2Fv2%2Fproduct_tag&post=5453"}],"curies":[{"name":"wp","href":"https:\/\/api.w.org\/{rel}","templated":true}]}}