{"id":5461,"date":"2020-07-21T11:36:06","date_gmt":"2020-07-21T08:36:06","guid":{"rendered":"http:\/\/192.168.10.101\/?post_type=product&#038;p=5461"},"modified":"2023-06-09T14:32:34","modified_gmt":"2023-06-09T12:32:34","slug":"kupolines-lauko-kameros-laikiklis","status":"publish","type":"product","link":"https:\/\/vmsistemos.lt\/?product=kupolines-lauko-kameros-laikiklis","title":{"rendered":"Kupolin\u0117s lauko kameros laikiklis"},"content":{"rendered":"<h4>Kupolin\u0117s lauko kameros laikiklis. Pagamintas i\u0161 aliuminio lydinio. Sukuriama papildoma erdv\u0117 pasl\u0117pti kabelius ir jungtis.<\/h4>\n","protected":false},"excerpt":{"rendered":"<h4>Kupolin\u0117s lauko kameros laikiklis<\/h4>\n","protected":false},"featured_media":5462,"template":"","meta":{"_acf_changed":false},"product_brand":[],"product_cat":[45],"product_tag":[89,116,262],"class_list":{"0":"post-5461","1":"product","2":"type-product","3":"status-publish","4":"has-post-thumbnail","6":"product_cat-laikikliai-stovai","7":"product_tag-kamera","8":"product_tag-laikiklis","9":"product_tag-metalinis","11":"first","12":"instock","13":"taxable","14":"shipping-taxable","15":"purchasable","16":"product-type-simple"},"acf":[],"_links":{"self":[{"href":"https:\/\/vmsistemos.lt\/index.php?rest_route=\/wp\/v2\/product\/5461","targetHints":{"allow":["GET"]}}],"collection":[{"href":"https:\/\/vmsistemos.lt\/index.php?rest_route=\/wp\/v2\/product"}],"about":[{"href":"https:\/\/vmsistemos.lt\/index.php?rest_route=\/wp\/v2\/types\/product"}],"version-history":[{"count":0,"href":"https:\/\/vmsistemos.lt\/index.php?rest_route=\/wp\/v2\/product\/5461\/revisions"}],"wp:featuredmedia":[{"embeddable":true,"href":"https:\/\/vmsistemos.lt\/index.php?rest_route=\/wp\/v2\/media\/5462"}],"wp:attachment":[{"href":"https:\/\/vmsistemos.lt\/index.php?rest_route=%2Fwp%2Fv2%2Fmedia&parent=5461"}],"wp:term":[{"taxonomy":"product_brand","embeddable":true,"href":"https:\/\/vmsistemos.lt\/index.php?rest_route=%2Fwp%2Fv2%2Fproduct_brand&post=5461"},{"taxonomy":"product_cat","embeddable":true,"href":"https:\/\/vmsistemos.lt\/index.php?rest_route=%2Fwp%2Fv2%2Fproduct_cat&post=5461"},{"taxonomy":"product_tag","embeddable":true,"href":"https:\/\/vmsistemos.lt\/index.php?rest_route=%2Fwp%2Fv2%2Fproduct_tag&post=5461"}],"curies":[{"name":"wp","href":"https:\/\/api.w.org\/{rel}","templated":true}]}}