{"id":5469,"date":"2020-08-13T11:01:00","date_gmt":"2020-08-13T08:01:00","guid":{"rendered":"http:\/\/192.168.10.101\/?post_type=product&#038;p=5469"},"modified":"2023-11-06T10:25:33","modified_gmt":"2023-11-06T08:25:33","slug":"valdomu-kameru-valdiklis-kb3","status":"publish","type":"product","link":"https:\/\/vmsistemos.lt\/?product=valdomu-kameru-valdiklis-kb3","title":{"rendered":"Valdom\u0173 kamer\u0173 valdiklis"},"content":{"rendered":"<h4>Valdom\u0173 kamer\u0173 valdiklis su klaviat\u016bra. \u0160is valdiklis skirtas naudoti su DVR bei valdomomis kameromis PELCO-P, PELCO-D, Panasonic,\u00a0 SAMSUNG, AD2200, YAAN protokolais. Priklausomai nuo valdomos kameros \u0161is valdiklis tiek priartina tiek nutolina, ry\u0161kumas reguliuojamas automati\u0161kai arba rankiniu b\u016bdu. Yra nustatym\u0173 u\u017eraktas.<\/h4>\n<p><a href=\"https:\/\/vmsistemos.lt:8080\/share\/g66Cah84\">APRA\u0160YMAS<\/a><\/p>\n","protected":false},"excerpt":{"rendered":"<h4>Valdom\u0173 kamer\u0173 valdiklis su klaviat\u016bra<\/h4>\n<p>&nbsp;<\/p>\n<p><a href=\"https:\/\/vmsistemos.lt\/siuntiniai\/wl\/?id=vkf47zRxfKgjUATmwCi9haaE94eIwwyW\">APRA\u0160YMAS<\/a><\/p>\n","protected":false},"featured_media":5470,"template":"","meta":{"_acf_changed":false},"product_brand":[],"product_cat":[48],"product_tag":[107,263,127,168,118],"class_list":{"0":"post-5469","1":"product","2":"type-product","3":"status-publish","4":"has-post-thumbnail","6":"product_cat-kameru-valdikliai","7":"product_tag-dvr","8":"product_tag-klaviatura","9":"product_tag-rs485","10":"product_tag-valdiklis","11":"product_tag-valdoma-kamera","13":"first","14":"instock","15":"taxable","16":"shipping-taxable","17":"purchasable","18":"product-type-simple"},"acf":[],"_links":{"self":[{"href":"https:\/\/vmsistemos.lt\/index.php?rest_route=\/wp\/v2\/product\/5469","targetHints":{"allow":["GET"]}}],"collection":[{"href":"https:\/\/vmsistemos.lt\/index.php?rest_route=\/wp\/v2\/product"}],"about":[{"href":"https:\/\/vmsistemos.lt\/index.php?rest_route=\/wp\/v2\/types\/product"}],"version-history":[{"count":3,"href":"https:\/\/vmsistemos.lt\/index.php?rest_route=\/wp\/v2\/product\/5469\/revisions"}],"predecessor-version":[{"id":6366,"href":"https:\/\/vmsistemos.lt\/index.php?rest_route=\/wp\/v2\/product\/5469\/revisions\/6366"}],"wp:featuredmedia":[{"embeddable":true,"href":"https:\/\/vmsistemos.lt\/index.php?rest_route=\/wp\/v2\/media\/5470"}],"wp:attachment":[{"href":"https:\/\/vmsistemos.lt\/index.php?rest_route=%2Fwp%2Fv2%2Fmedia&parent=5469"}],"wp:term":[{"taxonomy":"product_brand","embeddable":true,"href":"https:\/\/vmsistemos.lt\/index.php?rest_route=%2Fwp%2Fv2%2Fproduct_brand&post=5469"},{"taxonomy":"product_cat","embeddable":true,"href":"https:\/\/vmsistemos.lt\/index.php?rest_route=%2Fwp%2Fv2%2Fproduct_cat&post=5469"},{"taxonomy":"product_tag","embeddable":true,"href":"https:\/\/vmsistemos.lt\/index.php?rest_route=%2Fwp%2Fv2%2Fproduct_tag&post=5469"}],"curies":[{"name":"wp","href":"https:\/\/api.w.org\/{rel}","templated":true}]}}