{"id":5481,"date":"2020-09-16T13:52:21","date_gmt":"2020-09-16T10:52:21","guid":{"rendered":"http:\/\/192.168.10.101\/?post_type=product&#038;p=5481"},"modified":"2023-06-09T14:32:34","modified_gmt":"2023-06-09T12:32:34","slug":"analogine-ahd-2mpix-kupoline-vidine-kamera-3-6mm-juoda","status":"publish","type":"product","link":"https:\/\/vmsistemos.lt\/?product=analogine-ahd-2mpix-kupoline-vidine-kamera-3-6mm-juoda","title":{"rendered":"Analogin\u0117 AHD 2Mpix kupolin\u0117 vidin\u0117 kamera 3.6mm, juoda"},"content":{"rendered":"<p>Analogin\u0117 AHD 2Mpix kupolin\u0117 vidin\u0117 kamera 3.6mm, juoda. Plastikinis korpusas. Kompakti\u0161kas dizainas.<\/p>\n","protected":false},"excerpt":{"rendered":"<p>Analogin\u0117 AHD 2Mpix kupolin\u0117 vidin\u0117 kamera 3.6mm, juoda<\/p>\n","protected":false},"featured_media":5485,"template":"","meta":{"_acf_changed":false},"product_brand":[],"product_cat":[55],"product_tag":[244,243,169,106,99,89,175],"class_list":{"0":"post-5481","1":"product","2":"type-product","3":"status-publish","4":"has-post-thumbnail","6":"product_cat-analogines-ahd-kameros","7":"product_tag-2mp","8":"product_tag-3-6mm","9":"product_tag-ahd","10":"product_tag-analogine","11":"product_tag-ir","12":"product_tag-kamera","13":"product_tag-vidine","15":"first","16":"instock","17":"taxable","18":"shipping-taxable","19":"purchasable","20":"product-type-simple"},"acf":[],"_links":{"self":[{"href":"https:\/\/vmsistemos.lt\/index.php?rest_route=\/wp\/v2\/product\/5481","targetHints":{"allow":["GET"]}}],"collection":[{"href":"https:\/\/vmsistemos.lt\/index.php?rest_route=\/wp\/v2\/product"}],"about":[{"href":"https:\/\/vmsistemos.lt\/index.php?rest_route=\/wp\/v2\/types\/product"}],"version-history":[{"count":0,"href":"https:\/\/vmsistemos.lt\/index.php?rest_route=\/wp\/v2\/product\/5481\/revisions"}],"wp:featuredmedia":[{"embeddable":true,"href":"https:\/\/vmsistemos.lt\/index.php?rest_route=\/wp\/v2\/media\/5485"}],"wp:attachment":[{"href":"https:\/\/vmsistemos.lt\/index.php?rest_route=%2Fwp%2Fv2%2Fmedia&parent=5481"}],"wp:term":[{"taxonomy":"product_brand","embeddable":true,"href":"https:\/\/vmsistemos.lt\/index.php?rest_route=%2Fwp%2Fv2%2Fproduct_brand&post=5481"},{"taxonomy":"product_cat","embeddable":true,"href":"https:\/\/vmsistemos.lt\/index.php?rest_route=%2Fwp%2Fv2%2Fproduct_cat&post=5481"},{"taxonomy":"product_tag","embeddable":true,"href":"https:\/\/vmsistemos.lt\/index.php?rest_route=%2Fwp%2Fv2%2Fproduct_tag&post=5481"}],"curies":[{"name":"wp","href":"https:\/\/api.w.org\/{rel}","templated":true}]}}