{"id":5614,"date":"2020-12-09T17:13:22","date_gmt":"2020-12-09T14:13:22","guid":{"rendered":"http:\/\/192.168.10.101\/?post_type=product&#038;p=5614"},"modified":"2023-06-09T14:32:35","modified_gmt":"2023-06-09T12:32:35","slug":"2mpix-wifi-autonomine-ip-kamera-3-6mm","status":"publish","type":"product","link":"https:\/\/vmsistemos.lt\/?product=2mpix-wifi-autonomine-ip-kamera-3-6mm","title":{"rendered":"2Mpix WiFi autonomin\u0117 IP kamera 3.6mm"},"content":{"rendered":"<p>2Mpix WiFi autonomin\u0117 IP kamera 3.6mm. Kamera valdoma naudojant speciali\u0105 aplikacij\u0105 i\u0161maniajame telefone (iOS arba Android).<\/p>\n<p>Didelio jautrumo i\u0161manus PIR judesio aptikimas iki 8m atstumu.<br \/>\nDvipusiam ry\u0161iui \u012fmontuoti mikrofonas ir garsiakalbis.<br \/>\nNeper\u0161lampamas apdangalas veikimui lauke.<br \/>\nMagnetinis laikiklis patogiam tvirtinimui.<br \/>\nPalaiko iki 128GB talpos atminties kortel\u0119 (komplekte n\u0117ra).<\/p>\n<p>Maitinimas MicroUSB 5V arba 2vnt. 18650 tipo baterij\u0173 (komplekte n\u0117ra).<\/p>\n<p>Komplektuojama su magnetiniu laikikliu, apsauginiu apdangalu, kroviklio laidu bei tvirtinimo elementais.<\/p>\n","protected":false},"excerpt":{"rendered":"<p>2Mpix WiFi autonomin\u0117 IP kamera 3.6mm<\/p>\n","protected":false},"featured_media":5615,"template":"","meta":{"_acf_changed":false},"product_brand":[],"product_cat":[251,44],"product_tag":[244,243,270,271,102,89,101,253],"class_list":{"0":"post-5614","1":"product","2":"type-product","3":"status-publish","4":"has-post-thumbnail","6":"product_cat-belaides-kameros","7":"product_cat-skaitmenines-ip-kameros","8":"product_tag-2mp","9":"product_tag-3-6mm","10":"product_tag-autonomine","11":"product_tag-baterija","12":"product_tag-ip","13":"product_tag-kamera","14":"product_tag-lauko","15":"product_tag-wifi","17":"first","18":"outofstock","19":"featured","20":"taxable","21":"shipping-taxable","22":"purchasable","23":"product-type-simple"},"acf":[],"_links":{"self":[{"href":"https:\/\/vmsistemos.lt\/index.php?rest_route=\/wp\/v2\/product\/5614","targetHints":{"allow":["GET"]}}],"collection":[{"href":"https:\/\/vmsistemos.lt\/index.php?rest_route=\/wp\/v2\/product"}],"about":[{"href":"https:\/\/vmsistemos.lt\/index.php?rest_route=\/wp\/v2\/types\/product"}],"version-history":[{"count":1,"href":"https:\/\/vmsistemos.lt\/index.php?rest_route=\/wp\/v2\/product\/5614\/revisions"}],"predecessor-version":[{"id":5620,"href":"https:\/\/vmsistemos.lt\/index.php?rest_route=\/wp\/v2\/product\/5614\/revisions\/5620"}],"wp:featuredmedia":[{"embeddable":true,"href":"https:\/\/vmsistemos.lt\/index.php?rest_route=\/wp\/v2\/media\/5615"}],"wp:attachment":[{"href":"https:\/\/vmsistemos.lt\/index.php?rest_route=%2Fwp%2Fv2%2Fmedia&parent=5614"}],"wp:term":[{"taxonomy":"product_brand","embeddable":true,"href":"https:\/\/vmsistemos.lt\/index.php?rest_route=%2Fwp%2Fv2%2Fproduct_brand&post=5614"},{"taxonomy":"product_cat","embeddable":true,"href":"https:\/\/vmsistemos.lt\/index.php?rest_route=%2Fwp%2Fv2%2Fproduct_cat&post=5614"},{"taxonomy":"product_tag","embeddable":true,"href":"https:\/\/vmsistemos.lt\/index.php?rest_route=%2Fwp%2Fv2%2Fproduct_tag&post=5614"}],"curies":[{"name":"wp","href":"https:\/\/api.w.org\/{rel}","templated":true}]}}