{"id":5625,"date":"2020-12-29T13:30:04","date_gmt":"2020-12-29T10:30:04","guid":{"rendered":"http:\/\/192.168.10.101\/?post_type=product&#038;p=5625"},"modified":"2023-06-09T14:32:35","modified_gmt":"2023-06-09T12:32:35","slug":"panoramine-ip-kamera-lemputeje-2-0mpix-2","status":"publish","type":"product","link":"https:\/\/vmsistemos.lt\/?product=panoramine-ip-kamera-lemputeje-2-0mpix-2","title":{"rendered":"Panoramin\u0117 IP kamera lemput\u0117je, \u0161vie\u010dianti \u012fvairiomis spalvomis 2.0Mpix"},"content":{"rendered":"<p>Panoramin\u0117 360\u00b0 skaitmenin\u0117 (IP) kamera elektros lemput\u0117s korpuse 2.0Mpix, 1.14mm. \u0160vie\u010dia kaip elektros lemput\u0117 (\u012fvairiomis spalvomis) ir \u012fra\u0161in\u0117ja vaizd\u0105 \u012f mikro SD kortel\u0119 (max 64GB, komplekte n\u0117ra). Jungiama per WiFi. Galima valdyti per Android arba IOS aplikacijas.<br \/>\nMaitinimas 220V. Komplekte yra E27 lizdas ir tvirtinimo detal\u0117s.<\/p>\n","protected":false},"excerpt":{"rendered":"<p>Panoramin\u0117 360\u00b0 skaitmenin\u0117 (IP) kamera elektros lemput\u0117s korpuse 2.0Mpix, 1.14mm su WiFi.<\/p>\n","protected":false},"featured_media":5626,"template":"","meta":{"_acf_changed":false},"product_brand":[],"product_cat":[251,51,44],"product_tag":[244,102,103,89,250,143,90],"class_list":{"0":"post-5625","1":"product","2":"type-product","3":"status-publish","4":"has-post-thumbnail","6":"product_cat-belaides-kameros","7":"product_cat-slaptos-kameros","8":"product_cat-skaitmenines-ip-kameros","9":"product_tag-2mp","10":"product_tag-ip","11":"product_tag-ip-kamera","12":"product_tag-kamera","13":"product_tag-lempute","14":"product_tag-skaitmenine","15":"product_tag-slapta-kamera","17":"first","18":"instock","19":"featured","20":"taxable","21":"shipping-taxable","22":"purchasable","23":"product-type-simple"},"acf":[],"_links":{"self":[{"href":"https:\/\/vmsistemos.lt\/index.php?rest_route=\/wp\/v2\/product\/5625","targetHints":{"allow":["GET"]}}],"collection":[{"href":"https:\/\/vmsistemos.lt\/index.php?rest_route=\/wp\/v2\/product"}],"about":[{"href":"https:\/\/vmsistemos.lt\/index.php?rest_route=\/wp\/v2\/types\/product"}],"version-history":[{"count":0,"href":"https:\/\/vmsistemos.lt\/index.php?rest_route=\/wp\/v2\/product\/5625\/revisions"}],"wp:featuredmedia":[{"embeddable":true,"href":"https:\/\/vmsistemos.lt\/index.php?rest_route=\/wp\/v2\/media\/5626"}],"wp:attachment":[{"href":"https:\/\/vmsistemos.lt\/index.php?rest_route=%2Fwp%2Fv2%2Fmedia&parent=5625"}],"wp:term":[{"taxonomy":"product_brand","embeddable":true,"href":"https:\/\/vmsistemos.lt\/index.php?rest_route=%2Fwp%2Fv2%2Fproduct_brand&post=5625"},{"taxonomy":"product_cat","embeddable":true,"href":"https:\/\/vmsistemos.lt\/index.php?rest_route=%2Fwp%2Fv2%2Fproduct_cat&post=5625"},{"taxonomy":"product_tag","embeddable":true,"href":"https:\/\/vmsistemos.lt\/index.php?rest_route=%2Fwp%2Fv2%2Fproduct_tag&post=5625"}],"curies":[{"name":"wp","href":"https:\/\/api.w.org\/{rel}","templated":true}]}}