{"id":5655,"date":"2021-06-30T11:27:39","date_gmt":"2021-06-30T09:27:39","guid":{"rendered":"http:\/\/192.168.10.101\/?post_type=product&#038;p=5655"},"modified":"2024-04-23T12:13:23","modified_gmt":"2024-04-23T10:13:23","slug":"5mpix-kupoline-vidine-ip-kamera-su-mikrofonu-2ir-4mm","status":"publish","type":"product","link":"https:\/\/vmsistemos.lt\/?product=5mpix-kupoline-vidine-ip-kamera-su-mikrofonu-2ir-4mm","title":{"rendered":"5Mpix kupolin\u0117 vidin\u0117 IP kamera su mikrofonu 2IR 4mm"},"content":{"rendered":"<p>2Mpix kupolin\u0117 vidin\u0117 IP kamera su mikrofonu 2IR 4mm. Plastikinis korpusas. 12V\/PoE maitinimas.<\/p>\n<p><a class=\"btn btn-default\" href=\"https:\/\/vmsistemos.lt:8080\/share\/k60SW9N3\" target=\"_blank\" rel=\"noopener noreferrer\">Paie\u0161kos \u012frankis<\/a><\/p>\n<p><a class=\"btn btn-default\" href=\"https:\/\/vmsistemos.lt:8080\/share\/qN7_5wYu\" target=\"_blank\" rel=\"noopener noreferrer\">Windows CMS<\/a><\/p>\n<p><a class=\"btn btn-default\" href=\"https:\/\/vmsistemos.lt:8080\/share\/7JUv6Xaa\" target=\"_blank\" rel=\"noopener noreferrer\">IOS CMS<\/a><\/p>\n<p>&nbsp;<\/p>\n","protected":false},"excerpt":{"rendered":"<p>5Mpix kupolin\u0117 vidin\u0117 IP kamera su mikrofonu 2IR 4mm<\/p>\n","protected":false},"featured_media":5478,"template":"","meta":{"_acf_changed":false},"product_brand":[],"product_cat":[44],"product_tag":[245,244,265,102,99,89,97,152,144,175],"class_list":{"0":"post-5655","1":"product","2":"type-product","3":"status-publish","4":"has-post-thumbnail","6":"product_cat-skaitmenines-ip-kameros","7":"product_tag-2ir","8":"product_tag-2mp","9":"product_tag-4mm","10":"product_tag-ip","11":"product_tag-ir","12":"product_tag-kamera","13":"product_tag-kupoline","14":"product_tag-mikrofonas","15":"product_tag-poe","16":"product_tag-vidine","18":"first","19":"instock","20":"featured","21":"taxable","22":"shipping-taxable","23":"purchasable","24":"product-type-simple"},"acf":[],"_links":{"self":[{"href":"https:\/\/vmsistemos.lt\/index.php?rest_route=\/wp\/v2\/product\/5655","targetHints":{"allow":["GET"]}}],"collection":[{"href":"https:\/\/vmsistemos.lt\/index.php?rest_route=\/wp\/v2\/product"}],"about":[{"href":"https:\/\/vmsistemos.lt\/index.php?rest_route=\/wp\/v2\/types\/product"}],"version-history":[{"count":2,"href":"https:\/\/vmsistemos.lt\/index.php?rest_route=\/wp\/v2\/product\/5655\/revisions"}],"predecessor-version":[{"id":6401,"href":"https:\/\/vmsistemos.lt\/index.php?rest_route=\/wp\/v2\/product\/5655\/revisions\/6401"}],"wp:featuredmedia":[{"embeddable":true,"href":"https:\/\/vmsistemos.lt\/index.php?rest_route=\/wp\/v2\/media\/5478"}],"wp:attachment":[{"href":"https:\/\/vmsistemos.lt\/index.php?rest_route=%2Fwp%2Fv2%2Fmedia&parent=5655"}],"wp:term":[{"taxonomy":"product_brand","embeddable":true,"href":"https:\/\/vmsistemos.lt\/index.php?rest_route=%2Fwp%2Fv2%2Fproduct_brand&post=5655"},{"taxonomy":"product_cat","embeddable":true,"href":"https:\/\/vmsistemos.lt\/index.php?rest_route=%2Fwp%2Fv2%2Fproduct_cat&post=5655"},{"taxonomy":"product_tag","embeddable":true,"href":"https:\/\/vmsistemos.lt\/index.php?rest_route=%2Fwp%2Fv2%2Fproduct_tag&post=5655"}],"curies":[{"name":"wp","href":"https:\/\/api.w.org\/{rel}","templated":true}]}}