{"id":589,"date":"2019-03-12T10:11:48","date_gmt":"2019-03-12T12:11:48","guid":{"rendered":"http:\/\/192.168.10.101\/?post_type=product&#038;p=589"},"modified":"2023-06-09T14:32:28","modified_gmt":"2023-06-09T12:32:28","slug":"3mpix-ip-kamera-izoliuotame-namelyje-su-ir","status":"publish","type":"product","link":"https:\/\/vmsistemos.lt\/?product=3mpix-ip-kamera-izoliuotame-namelyje-su-ir","title":{"rendered":"1.3Mpix IP kamera izoliuotame namelyje su IR, PoE"},"content":{"rendered":"<h4>Skaitmenin\u0117 (IP) vaizdo kamera izoliuotame namelyje su infrarediniu (IR) pa\u0161vietimu ir Power over Ethernet (PoE) maitinimu. \u0160i kamera pritaikyta eksploatuoti \u012fvairiomis\u00a0lauko s\u0105lygomis. Komplekte tvirtinimo kojel\u0117s n\u0117ra.<\/h4>\n<p><a class=\"btn btn-default\" href=\"http:\/\/192.168.10.101\/siuntiniai\/wl\/?id=dbcclinWaBV4KGI2Ka79CMJ1nxUhF6dv\" target=\"_blank\" rel=\"noopener noreferrer\">Paie\u0161kos \u012frankis<\/a><\/p>\n<p><a class=\"btn btn-default\" href=\"http:\/\/192.168.10.101\/siuntiniai\/wl\/?id=sDaCtj2Ih0srVhN77mmnqCQb4c4P8a9m\" target=\"_blank\" rel=\"noopener noreferrer\">Windows CMS<\/a><\/p>\n<p><a class=\"btn btn-default\" href=\"http:\/\/192.168.10.101\/siuntiniai\/wl\/?id=r2Zba8O1OpgWCfkZr97zrPZWolZJmt9y\" target=\"_blank\" rel=\"noopener noreferrer\">IOS CMS<\/a><\/p>\n","protected":false},"excerpt":{"rendered":"<h4>Skaitmenin\u0117 (IP) vaizdo kamera izoliuotame namelyje su infrarediniu (IR) pa\u0161vietimu ir Power over Ethernet (PoE) maitinimu.<\/h4>\n","protected":false},"featured_media":587,"template":"","meta":{"_acf_changed":false},"product_brand":[],"product_cat":[44],"product_tag":[102,103,99,100,101,140,144,143],"class_list":{"0":"post-589","1":"product","2":"type-product","3":"status-publish","4":"has-post-thumbnail","6":"product_cat-skaitmenines-ip-kameros","7":"product_tag-ip","8":"product_tag-ip-kamera","9":"product_tag-ir","10":"product_tag-kamera-su-ir","11":"product_tag-lauko","12":"product_tag-lauko-kamera","13":"product_tag-poe","14":"product_tag-skaitmenine","16":"first","17":"instock","18":"sale","19":"taxable","20":"shipping-taxable","21":"purchasable","22":"product-type-simple"},"acf":[],"_links":{"self":[{"href":"https:\/\/vmsistemos.lt\/index.php?rest_route=\/wp\/v2\/product\/589","targetHints":{"allow":["GET"]}}],"collection":[{"href":"https:\/\/vmsistemos.lt\/index.php?rest_route=\/wp\/v2\/product"}],"about":[{"href":"https:\/\/vmsistemos.lt\/index.php?rest_route=\/wp\/v2\/types\/product"}],"version-history":[{"count":0,"href":"https:\/\/vmsistemos.lt\/index.php?rest_route=\/wp\/v2\/product\/589\/revisions"}],"wp:featuredmedia":[{"embeddable":true,"href":"https:\/\/vmsistemos.lt\/index.php?rest_route=\/wp\/v2\/media\/587"}],"wp:attachment":[{"href":"https:\/\/vmsistemos.lt\/index.php?rest_route=%2Fwp%2Fv2%2Fmedia&parent=589"}],"wp:term":[{"taxonomy":"product_brand","embeddable":true,"href":"https:\/\/vmsistemos.lt\/index.php?rest_route=%2Fwp%2Fv2%2Fproduct_brand&post=589"},{"taxonomy":"product_cat","embeddable":true,"href":"https:\/\/vmsistemos.lt\/index.php?rest_route=%2Fwp%2Fv2%2Fproduct_cat&post=589"},{"taxonomy":"product_tag","embeddable":true,"href":"https:\/\/vmsistemos.lt\/index.php?rest_route=%2Fwp%2Fv2%2Fproduct_tag&post=589"}],"curies":[{"name":"wp","href":"https:\/\/api.w.org\/{rel}","templated":true}]}}