{"id":629,"date":"2019-03-15T17:14:57","date_gmt":"2019-03-15T19:14:57","guid":{"rendered":"http:\/\/192.168.10.101\/?post_type=product&#038;p=629"},"modified":"2023-06-09T14:32:30","modified_gmt":"2023-06-09T12:32:30","slug":"maitinimo-saltinis-12v48a","status":"publish","type":"product","link":"https:\/\/vmsistemos.lt\/?product=maitinimo-saltinis-12v48a","title":{"rendered":"Maitinimo \u0161altinis 12V\/4.8A"},"content":{"rendered":"<p><strong>\u012etamp\u0105 ir srov\u0119 kei\u010diantis maitinimo \u0161altinis su \u012f\u017eeminimu. Eksploatuojamas tik patalpose.<\/strong><\/p>\n","protected":false},"excerpt":{"rendered":"<p><strong>\u012etamp\u0105 ir srov\u0119 kei\u010diantis maitinimo \u0161altinis su \u012f\u017eeminimu. Eksploatuojamas tik patalpose.<\/strong><\/p>\n","protected":false},"featured_media":627,"template":"","meta":{"_acf_changed":false},"product_brand":[],"product_cat":[35],"product_tag":[109,108,110],"class_list":{"0":"post-629","1":"product","2":"type-product","3":"status-publish","4":"has-post-thumbnail","6":"product_cat-matinimo-adapteriai","7":"product_tag-12v","8":"product_tag-maitinimo-adapteris","9":"product_tag-power","11":"first","12":"instock","13":"taxable","14":"shipping-taxable","15":"purchasable","16":"product-type-simple"},"acf":[],"_links":{"self":[{"href":"https:\/\/vmsistemos.lt\/index.php?rest_route=\/wp\/v2\/product\/629","targetHints":{"allow":["GET"]}}],"collection":[{"href":"https:\/\/vmsistemos.lt\/index.php?rest_route=\/wp\/v2\/product"}],"about":[{"href":"https:\/\/vmsistemos.lt\/index.php?rest_route=\/wp\/v2\/types\/product"}],"version-history":[{"count":0,"href":"https:\/\/vmsistemos.lt\/index.php?rest_route=\/wp\/v2\/product\/629\/revisions"}],"wp:featuredmedia":[{"embeddable":true,"href":"https:\/\/vmsistemos.lt\/index.php?rest_route=\/wp\/v2\/media\/627"}],"wp:attachment":[{"href":"https:\/\/vmsistemos.lt\/index.php?rest_route=%2Fwp%2Fv2%2Fmedia&parent=629"}],"wp:term":[{"taxonomy":"product_brand","embeddable":true,"href":"https:\/\/vmsistemos.lt\/index.php?rest_route=%2Fwp%2Fv2%2Fproduct_brand&post=629"},{"taxonomy":"product_cat","embeddable":true,"href":"https:\/\/vmsistemos.lt\/index.php?rest_route=%2Fwp%2Fv2%2Fproduct_cat&post=629"},{"taxonomy":"product_tag","embeddable":true,"href":"https:\/\/vmsistemos.lt\/index.php?rest_route=%2Fwp%2Fv2%2Fproduct_tag&post=629"}],"curies":[{"name":"wp","href":"https:\/\/api.w.org\/{rel}","templated":true}]}}