{"id":656,"date":"2019-03-15T17:16:39","date_gmt":"2019-03-15T19:16:39","guid":{"rendered":"http:\/\/192.168.10.101\/?post_type=product&#038;p=656"},"modified":"2023-06-09T14:32:30","modified_gmt":"2023-06-09T12:32:30","slug":"lauko-kamera-su-ir-pasvietimu-ir-paaukstintu-korpusu-800tvl","status":"publish","type":"product","link":"https:\/\/vmsistemos.lt\/?product=lauko-kamera-su-ir-pasvietimu-ir-paaukstintu-korpusu-800tvl","title":{"rendered":"Lauko kamera su IR pa\u0161vietimu ir paauk\u0161tintu korpusu 800TVL"},"content":{"rendered":"<p><strong>Analogin\u0117 lauko vaizdo kamera su infrarediniu (IR) pa\u0161vietimu ir paauk\u0161tinta korpuso dalimi.\u00a0<\/strong><\/p>\n","protected":false},"excerpt":{"rendered":"<p><strong>Analogin\u0117 lauko vaizdo kamera su infrarediniu (IR) pa\u0161vietimu ir paauk\u0161tinta korpuso dalimi.\u00a0<\/strong><\/p>\n","protected":false},"featured_media":654,"template":"","meta":{"_acf_changed":false},"product_brand":[],"product_cat":[21],"product_tag":[106,94,99,89,100,101,140],"class_list":{"0":"post-656","1":"product","2":"type-product","3":"status-publish","4":"has-post-thumbnail","6":"product_cat-katalogas","7":"product_tag-analogine","8":"product_tag-d-n","9":"product_tag-ir","10":"product_tag-kamera","11":"product_tag-kamera-su-ir","12":"product_tag-lauko","13":"product_tag-lauko-kamera","15":"first","16":"instock","17":"taxable","18":"shipping-taxable","19":"purchasable","20":"product-type-simple"},"acf":[],"_links":{"self":[{"href":"https:\/\/vmsistemos.lt\/index.php?rest_route=\/wp\/v2\/product\/656","targetHints":{"allow":["GET"]}}],"collection":[{"href":"https:\/\/vmsistemos.lt\/index.php?rest_route=\/wp\/v2\/product"}],"about":[{"href":"https:\/\/vmsistemos.lt\/index.php?rest_route=\/wp\/v2\/types\/product"}],"version-history":[{"count":0,"href":"https:\/\/vmsistemos.lt\/index.php?rest_route=\/wp\/v2\/product\/656\/revisions"}],"wp:featuredmedia":[{"embeddable":true,"href":"https:\/\/vmsistemos.lt\/index.php?rest_route=\/wp\/v2\/media\/654"}],"wp:attachment":[{"href":"https:\/\/vmsistemos.lt\/index.php?rest_route=%2Fwp%2Fv2%2Fmedia&parent=656"}],"wp:term":[{"taxonomy":"product_brand","embeddable":true,"href":"https:\/\/vmsistemos.lt\/index.php?rest_route=%2Fwp%2Fv2%2Fproduct_brand&post=656"},{"taxonomy":"product_cat","embeddable":true,"href":"https:\/\/vmsistemos.lt\/index.php?rest_route=%2Fwp%2Fv2%2Fproduct_cat&post=656"},{"taxonomy":"product_tag","embeddable":true,"href":"https:\/\/vmsistemos.lt\/index.php?rest_route=%2Fwp%2Fv2%2Fproduct_tag&post=656"}],"curies":[{"name":"wp","href":"https:\/\/api.w.org\/{rel}","templated":true}]}}