{"id":666,"date":"2019-03-15T17:19:41","date_gmt":"2019-03-15T19:19:41","guid":{"rendered":"http:\/\/192.168.10.101\/?post_type=product&#038;p=666"},"modified":"2023-12-11T00:03:29","modified_gmt":"2023-12-10T22:03:29","slug":"skaitmeninis-4-kanalu-irasymo-irenginys-dvr-2","status":"publish","type":"product","link":"https:\/\/vmsistemos.lt\/?product=skaitmeninis-4-kanalu-irasymo-irenginys-dvr-2","title":{"rendered":"Skaitmeninis 4 kanal\u0173 \u012fra\u0161ymo \u012frenginys DVR-NVR"},"content":{"rendered":"<p>\u0160is \u012frenginys palaiko daugiausiai keturias\u00a0analogines arba skaitmenines kameras, kurios \u012fra\u0161o vaizdo med\u017eiag\u0105 atitinkan\u010di\u0105 kameros vaizdo kokyb\u0117s kriterijus\u00a0\u012f kiet\u0105j\u012f disk\u0105. Visa pagrindin\u0117 veikla atliekama prijungus monitori\u0173 prie \u012frenginio. Yra galimyb\u0117 per\u017ei\u016br\u0117ti vaizdo \u012fra\u0161us tiek vietoje tiek per nutolusi\u0105 darbo viet\u0105 ar mobil\u0173 \u012frengin\u012f android ar apple.<br \/>\nKomplekte yra:<br \/>\n<span style=\"color: #1b398e;\">Nuotolinio valdymo pultelis<\/span><br \/>\n<span style=\"color: #1b398e;\">\u00a0 \u00a0Maitinimo adapteris AC100-240V &#8211; DC12V\/5A<\/span><br \/>\n<span style=\"color: #1b398e;\">\u00a0\u00a0\u00a0DVR<\/span><\/p>\n","protected":false},"excerpt":{"rendered":"<div id=\"short_description_content\" class=\"rte align_justify\">\n<h4>Hibridinis analogini\u0173 arba skaitmenini\u0173 ir valdom\u0173 vaizdo kamer\u0173 \u012fra\u0161ymo \u012frenginys &#8220;Digital Video Recorder&#8221; (DVR-Hybrid). Pagamintas Kinijoje.<\/h4>\n<\/div>\n","protected":false},"featured_media":662,"template":"","meta":{"_acf_changed":false},"product_brand":[],"product_cat":[42,43],"product_tag":[106,107,105,89],"class_list":{"0":"post-666","1":"product","2":"type-product","3":"status-publish","4":"has-post-thumbnail","6":"product_cat-dvr-irenginiai","7":"product_cat-hibridiniai-irenginiai","8":"product_tag-analogine","9":"product_tag-dvr","10":"product_tag-irasymo-irenginys","11":"product_tag-kamera","13":"first","14":"instock","15":"taxable","16":"shipping-taxable","17":"purchasable","18":"product-type-simple"},"acf":[],"_links":{"self":[{"href":"https:\/\/vmsistemos.lt\/index.php?rest_route=\/wp\/v2\/product\/666","targetHints":{"allow":["GET"]}}],"collection":[{"href":"https:\/\/vmsistemos.lt\/index.php?rest_route=\/wp\/v2\/product"}],"about":[{"href":"https:\/\/vmsistemos.lt\/index.php?rest_route=\/wp\/v2\/types\/product"}],"version-history":[{"count":0,"href":"https:\/\/vmsistemos.lt\/index.php?rest_route=\/wp\/v2\/product\/666\/revisions"}],"wp:featuredmedia":[{"embeddable":true,"href":"https:\/\/vmsistemos.lt\/index.php?rest_route=\/wp\/v2\/media\/662"}],"wp:attachment":[{"href":"https:\/\/vmsistemos.lt\/index.php?rest_route=%2Fwp%2Fv2%2Fmedia&parent=666"}],"wp:term":[{"taxonomy":"product_brand","embeddable":true,"href":"https:\/\/vmsistemos.lt\/index.php?rest_route=%2Fwp%2Fv2%2Fproduct_brand&post=666"},{"taxonomy":"product_cat","embeddable":true,"href":"https:\/\/vmsistemos.lt\/index.php?rest_route=%2Fwp%2Fv2%2Fproduct_cat&post=666"},{"taxonomy":"product_tag","embeddable":true,"href":"https:\/\/vmsistemos.lt\/index.php?rest_route=%2Fwp%2Fv2%2Fproduct_tag&post=666"}],"curies":[{"name":"wp","href":"https:\/\/api.w.org\/{rel}","templated":true}]}}