{"id":669,"date":"2019-03-12T10:10:49","date_gmt":"2019-03-12T12:10:49","guid":{"rendered":"http:\/\/192.168.10.101\/?post_type=product&#038;p=669"},"modified":"2023-06-09T14:32:28","modified_gmt":"2023-06-09T12:32:28","slug":"analogine-kupoline-kamera-su-ir-700tvl","status":"publish","type":"product","link":"https:\/\/vmsistemos.lt\/?product=analogine-kupoline-kamera-su-ir-700tvl","title":{"rendered":"Analogin\u0117 kupolin\u0117 kamera su IR 700TVL"},"content":{"rendered":"<p><strong>Analogin\u0117 vaizdo kamera su infrarediniu (IR) pa\u0161vietimu plastikiniame korpuse. Eksploatuojama tik patalpose.<\/strong><\/p>\n","protected":false},"excerpt":{"rendered":"<p><strong>Analogin\u0117 vaizdo kamera su infrarediniu (IR) pa\u0161vietimu plastikiniame korpuse. Eksploatuojama tik patalpose.<\/strong><\/p>\n","protected":false},"featured_media":667,"template":"","meta":{"_acf_changed":false},"product_brand":[],"product_cat":[21],"product_tag":[106,94,99,89,100],"class_list":{"0":"post-669","1":"product","2":"type-product","3":"status-publish","4":"has-post-thumbnail","6":"product_cat-katalogas","7":"product_tag-analogine","8":"product_tag-d-n","9":"product_tag-ir","10":"product_tag-kamera","11":"product_tag-kamera-su-ir","13":"first","14":"instock","15":"taxable","16":"shipping-taxable","17":"purchasable","18":"product-type-simple"},"acf":[],"_links":{"self":[{"href":"https:\/\/vmsistemos.lt\/index.php?rest_route=\/wp\/v2\/product\/669","targetHints":{"allow":["GET"]}}],"collection":[{"href":"https:\/\/vmsistemos.lt\/index.php?rest_route=\/wp\/v2\/product"}],"about":[{"href":"https:\/\/vmsistemos.lt\/index.php?rest_route=\/wp\/v2\/types\/product"}],"version-history":[{"count":0,"href":"https:\/\/vmsistemos.lt\/index.php?rest_route=\/wp\/v2\/product\/669\/revisions"}],"wp:featuredmedia":[{"embeddable":true,"href":"https:\/\/vmsistemos.lt\/index.php?rest_route=\/wp\/v2\/media\/667"}],"wp:attachment":[{"href":"https:\/\/vmsistemos.lt\/index.php?rest_route=%2Fwp%2Fv2%2Fmedia&parent=669"}],"wp:term":[{"taxonomy":"product_brand","embeddable":true,"href":"https:\/\/vmsistemos.lt\/index.php?rest_route=%2Fwp%2Fv2%2Fproduct_brand&post=669"},{"taxonomy":"product_cat","embeddable":true,"href":"https:\/\/vmsistemos.lt\/index.php?rest_route=%2Fwp%2Fv2%2Fproduct_cat&post=669"},{"taxonomy":"product_tag","embeddable":true,"href":"https:\/\/vmsistemos.lt\/index.php?rest_route=%2Fwp%2Fv2%2Fproduct_tag&post=669"}],"curies":[{"name":"wp","href":"https:\/\/api.w.org\/{rel}","templated":true}]}}