{"id":682,"date":"2019-03-15T17:12:32","date_gmt":"2019-03-15T19:12:32","guid":{"rendered":"http:\/\/192.168.10.101\/?post_type=product&#038;p=682"},"modified":"2023-06-09T14:32:29","modified_gmt":"2023-06-09T12:32:29","slug":"aukstos-raiskos-full-hd-ip-kupoline-kamera-20mpix","status":"publish","type":"product","link":"https:\/\/vmsistemos.lt\/?product=aukstos-raiskos-full-hd-ip-kupoline-kamera-20mpix","title":{"rendered":"Auk\u0161tos rai\u0161kos (Full HD) IP kupolin\u0117 kamera 2.0Mpix"},"content":{"rendered":"<p><strong>Auk\u0161tos rai\u0161kos (Full HD) skaitmenin\u0117 (IP) kupolin\u0117 kamera su\u00a0IR filtru ir PoE (Power over Ethernet) maitinimu. Eksploatuojama tik patalpose. 2.0Mpix<\/strong><\/p>\n<p><a class=\"btn btn-default\" href=\"http:\/\/192.168.10.101\/siuntiniai\/wl\/?id=dbcclinWaBV4KGI2Ka79CMJ1nxUhF6dv\" target=\"_blank\" rel=\"noopener noreferrer\">Paie\u0161kos \u012frankis<\/a><\/p>\n<p><a class=\"btn btn-default\" href=\"http:\/\/192.168.10.101\/siuntiniai\/wl\/?id=sDaCtj2Ih0srVhN77mmnqCQb4c4P8a9m\" target=\"_blank\" rel=\"noopener noreferrer\">Windows CMS<\/a><\/p>\n<p><a class=\"btn btn-default\" href=\"http:\/\/192.168.10.101\/siuntiniai\/wl\/?id=r2Zba8O1OpgWCfkZr97zrPZWolZJmt9y\" target=\"_blank\" rel=\"noopener noreferrer\">IOS CMS<\/a><\/p>\n","protected":false},"excerpt":{"rendered":"<p><strong>Auk\u0161tos rai\u0161kos (Full HD) skaitmenin\u0117 (IP) kupolin\u0117 kamera su\u00a0IR filtru ir PoE (Power over Ethernet) maitinimu. Eksploatuojama tik patalpose. 2.0Mpix<\/strong><\/p>\n","protected":false},"featured_media":1771,"template":"","meta":{"_acf_changed":false},"product_brand":[],"product_cat":[44],"product_tag":[94,92,165,102,103,97,144],"class_list":{"0":"post-682","1":"product","2":"type-product","3":"status-publish","4":"has-post-thumbnail","6":"product_cat-skaitmenines-ip-kameros","7":"product_tag-d-n","8":"product_tag-diena-naktis","9":"product_tag-full-hd","10":"product_tag-ip","11":"product_tag-ip-kamera","12":"product_tag-kupoline","13":"product_tag-poe","15":"first","16":"instock","17":"taxable","18":"shipping-taxable","19":"purchasable","20":"product-type-simple"},"acf":[],"_links":{"self":[{"href":"https:\/\/vmsistemos.lt\/index.php?rest_route=\/wp\/v2\/product\/682","targetHints":{"allow":["GET"]}}],"collection":[{"href":"https:\/\/vmsistemos.lt\/index.php?rest_route=\/wp\/v2\/product"}],"about":[{"href":"https:\/\/vmsistemos.lt\/index.php?rest_route=\/wp\/v2\/types\/product"}],"version-history":[{"count":1,"href":"https:\/\/vmsistemos.lt\/index.php?rest_route=\/wp\/v2\/product\/682\/revisions"}],"predecessor-version":[{"id":1772,"href":"https:\/\/vmsistemos.lt\/index.php?rest_route=\/wp\/v2\/product\/682\/revisions\/1772"}],"wp:featuredmedia":[{"embeddable":true,"href":"https:\/\/vmsistemos.lt\/index.php?rest_route=\/wp\/v2\/media\/1771"}],"wp:attachment":[{"href":"https:\/\/vmsistemos.lt\/index.php?rest_route=%2Fwp%2Fv2%2Fmedia&parent=682"}],"wp:term":[{"taxonomy":"product_brand","embeddable":true,"href":"https:\/\/vmsistemos.lt\/index.php?rest_route=%2Fwp%2Fv2%2Fproduct_brand&post=682"},{"taxonomy":"product_cat","embeddable":true,"href":"https:\/\/vmsistemos.lt\/index.php?rest_route=%2Fwp%2Fv2%2Fproduct_cat&post=682"},{"taxonomy":"product_tag","embeddable":true,"href":"https:\/\/vmsistemos.lt\/index.php?rest_route=%2Fwp%2Fv2%2Fproduct_tag&post=682"}],"curies":[{"name":"wp","href":"https:\/\/api.w.org\/{rel}","templated":true}]}}