{"id":701,"date":"2019-03-15T17:13:38","date_gmt":"2019-03-15T14:13:38","guid":{"rendered":"http:\/\/192.168.10.101\/?post_type=product&#038;p=701"},"modified":"2023-06-09T14:32:30","modified_gmt":"2023-06-09T12:32:30","slug":"8-kanalu-ip-sakotuvas-poe-inzektorius-3","status":"publish","type":"product","link":"https:\/\/vmsistemos.lt\/?product=8-kanalu-ip-sakotuvas-poe-inzektorius-3","title":{"rendered":"8 kanal\u0173 PoE tinklo \u0161akotuvas"},"content":{"rendered":"<h4>A\u0161tuoni\u0173 kanal\u0173 skaitmenini\u0173 (IP) \u012frengini\u0173 \u0161akotuvas \/ maitinimo adapteris PoE (Power over Ethernet). Tai maitinimo adapteris \/ \u0161akotuvas, kuris suteikia skaitmenini\u0173 vaizdo kamer\u0173 duomen\u0173 kabeliui (UTP) elektros srov\u0119 ir duomen\u0173 gavimo sraut\u0105.<\/h4>\n<ul>\n<li>\n<h4>Pilnai atitinka IEEE802.3af standart\u0105<\/h4>\n<\/li>\n<li>\n<h4>PoE galingumas iki 15.4W per kanal\u0105<\/h4>\n<\/li>\n<li>\n<h4>Automati\u0161kai aptinka PD (powered device)<\/h4>\n<\/li>\n<li>\n<h4>Saugus ir patikimas galini\u0173 PoE \u012frengini\u0173\u00a0matinimas<\/h4>\n<\/li>\n<li>\n<h4>Plug &amp; Play. Nereikia konfig\u016bruoti<\/h4>\n<\/li>\n<li>\n<h4>Metalinis korpusas<\/h4>\n<\/li>\n<li>\n<h4>Komplekte yra maitinimo adapteris.<\/h4>\n<\/li>\n<\/ul>\n","protected":false},"excerpt":{"rendered":"<h4>A\u0161tuoni\u0173 kanal\u0173 skaitmenini\u0173 (IP) \u012frengini\u0173 \u0161akotuvas \/ maitinimo adapteris PoE (Power over Ethernet).<\/h4>\n","protected":false},"featured_media":697,"template":"","meta":{"_acf_changed":false},"product_brand":[],"product_cat":[35],"product_tag":[108,144,130,123],"class_list":{"0":"post-701","1":"product","2":"type-product","3":"status-publish","4":"has-post-thumbnail","6":"product_cat-matinimo-adapteriai","7":"product_tag-maitinimo-adapteris","8":"product_tag-poe","9":"product_tag-sakotuvas","10":"product_tag-utp","12":"first","13":"instock","14":"taxable","15":"shipping-taxable","16":"purchasable","17":"product-type-simple"},"acf":[],"_links":{"self":[{"href":"https:\/\/vmsistemos.lt\/index.php?rest_route=\/wp\/v2\/product\/701","targetHints":{"allow":["GET"]}}],"collection":[{"href":"https:\/\/vmsistemos.lt\/index.php?rest_route=\/wp\/v2\/product"}],"about":[{"href":"https:\/\/vmsistemos.lt\/index.php?rest_route=\/wp\/v2\/types\/product"}],"version-history":[{"count":0,"href":"https:\/\/vmsistemos.lt\/index.php?rest_route=\/wp\/v2\/product\/701\/revisions"}],"wp:featuredmedia":[{"embeddable":true,"href":"https:\/\/vmsistemos.lt\/index.php?rest_route=\/wp\/v2\/media\/697"}],"wp:attachment":[{"href":"https:\/\/vmsistemos.lt\/index.php?rest_route=%2Fwp%2Fv2%2Fmedia&parent=701"}],"wp:term":[{"taxonomy":"product_brand","embeddable":true,"href":"https:\/\/vmsistemos.lt\/index.php?rest_route=%2Fwp%2Fv2%2Fproduct_brand&post=701"},{"taxonomy":"product_cat","embeddable":true,"href":"https:\/\/vmsistemos.lt\/index.php?rest_route=%2Fwp%2Fv2%2Fproduct_cat&post=701"},{"taxonomy":"product_tag","embeddable":true,"href":"https:\/\/vmsistemos.lt\/index.php?rest_route=%2Fwp%2Fv2%2Fproduct_tag&post=701"}],"curies":[{"name":"wp","href":"https:\/\/api.w.org\/{rel}","templated":true}]}}