{"id":706,"date":"2019-03-08T19:20:11","date_gmt":"2019-03-08T21:20:11","guid":{"rendered":"http:\/\/192.168.10.101\/?post_type=product&#038;p=706"},"modified":"2023-06-09T14:32:26","modified_gmt":"2023-06-09T12:32:26","slug":"skaitmeninis-8-kanalu-irasymo-irenginys-nvr","status":"publish","type":"product","link":"https:\/\/vmsistemos.lt\/?product=skaitmeninis-8-kanalu-irasymo-irenginys-nvr","title":{"rendered":"Skaitmeninis 8 kanal\u0173 \u012fra\u0161ymo \u012frenginys NVR 5MP"},"content":{"rendered":"<p><strong>\u0160is \u012frenginys palaiko iki a\u0161tuoni\u0173\u00a0kamer\u0173,\u00a0\u012fra\u0161an\u010di\u0173 auk\u0161tos rai\u0161kos (HD) vaizdo \u012fra\u0161us \u012f kiet\u0105j\u012f disk\u0105, teikia tiesiogin\u0119 transliacij\u0105 internetin\u0117je nar\u0161ykl\u0117je. Visa pagrindin\u0117 veikla atliekama prijungus prie \u012frenginio <strong>monitori\u0173 ir pelyt\u0119<\/strong>. Spalvotas valdymo meniu. Yra galimyb\u0117 per\u017ei\u016br\u0117ti vaizdo \u012fra\u0161us, juos perkelti \u012f atskirus aplankus ar USB laikmenas bei valdyti mobiliuoju telefonu.<\/strong><\/p>\n<p>H.265+, Onvif IPC<\/p>\n<p><strong>Komplekte yra:<\/strong><\/p>\n<p style=\"padding-left: 30px;\"><strong>NVR<br \/>\n<\/strong><strong><strong>Maitinimo adapteris AC110-240V &#8211; DC12V\/2A<br \/>\n<\/strong><\/strong><strong>USB 2.0 lazerin\u0117 pelyt\u0117<\/strong><br \/>\n<strong>\u00a0\u00a0\u00a0<\/strong><strong>\u00a0\u00a0\u00a0<\/strong><\/p>\n<p><a class=\"btn btn-default\" href=\"http:\/\/192.168.10.101\/siuntiniai\/wl\/?id=4qs2BX9NATM42E7JVWHvee8P3dqNYJ1c\" target=\"_blank\" rel=\"noopener noreferrer\">Paie\u0161kos \u012frankis<\/a><\/p>\n<p><a class=\"btn btn-default\" href=\"http:\/\/192.168.10.101\/siuntiniai\/wl\/?id=Vi6SnP3xmmALyG2NbgkUvRK8GkpTzjRr\" target=\"_blank\" rel=\"noopener noreferrer\">Windows CMS<\/a><\/p>\n<p><a class=\"btn btn-default\" href=\"http:\/\/192.168.10.101\/siuntiniai\/wl\/?id=RmXKWUTCWP7xl41232UVETkhX8PkdIFq\" target=\"_blank\" rel=\"noopener noreferrer\">IOS CMS<\/a><\/p>\n","protected":false},"excerpt":{"rendered":"<p><strong>Skaitmenini\u0173 (IP) vaizdo kamer\u0173 \u012fra\u0161ymo \u012frenginys &#8220;Network Video Recorder&#8221; (NVR).\u00a0<\/strong><\/p>\n","protected":false},"featured_media":702,"template":"","meta":{"_acf_changed":false},"product_brand":[],"product_cat":[37],"product_tag":[102,103,105,104,143],"class_list":{"0":"post-706","1":"product","2":"type-product","3":"status-publish","4":"has-post-thumbnail","6":"product_cat-nvr-irenginiai","7":"product_tag-ip","8":"product_tag-ip-kamera","9":"product_tag-irasymo-irenginys","10":"product_tag-nvr","11":"product_tag-skaitmenine","13":"first","14":"instock","15":"taxable","16":"shipping-taxable","17":"purchasable","18":"product-type-simple"},"acf":[],"_links":{"self":[{"href":"https:\/\/vmsistemos.lt\/index.php?rest_route=\/wp\/v2\/product\/706","targetHints":{"allow":["GET"]}}],"collection":[{"href":"https:\/\/vmsistemos.lt\/index.php?rest_route=\/wp\/v2\/product"}],"about":[{"href":"https:\/\/vmsistemos.lt\/index.php?rest_route=\/wp\/v2\/types\/product"}],"version-history":[{"count":1,"href":"https:\/\/vmsistemos.lt\/index.php?rest_route=\/wp\/v2\/product\/706\/revisions"}],"predecessor-version":[{"id":4357,"href":"https:\/\/vmsistemos.lt\/index.php?rest_route=\/wp\/v2\/product\/706\/revisions\/4357"}],"wp:featuredmedia":[{"embeddable":true,"href":"https:\/\/vmsistemos.lt\/index.php?rest_route=\/wp\/v2\/media\/702"}],"wp:attachment":[{"href":"https:\/\/vmsistemos.lt\/index.php?rest_route=%2Fwp%2Fv2%2Fmedia&parent=706"}],"wp:term":[{"taxonomy":"product_brand","embeddable":true,"href":"https:\/\/vmsistemos.lt\/index.php?rest_route=%2Fwp%2Fv2%2Fproduct_brand&post=706"},{"taxonomy":"product_cat","embeddable":true,"href":"https:\/\/vmsistemos.lt\/index.php?rest_route=%2Fwp%2Fv2%2Fproduct_cat&post=706"},{"taxonomy":"product_tag","embeddable":true,"href":"https:\/\/vmsistemos.lt\/index.php?rest_route=%2Fwp%2Fv2%2Fproduct_tag&post=706"}],"curies":[{"name":"wp","href":"https:\/\/api.w.org\/{rel}","templated":true}]}}