{"id":748,"date":"2019-03-12T10:08:04","date_gmt":"2019-03-12T12:08:04","guid":{"rendered":"http:\/\/192.168.10.101\/?post_type=product&#038;p=748"},"modified":"2024-09-11T09:31:59","modified_gmt":"2024-09-11T07:31:59","slug":"valdomu-kameru-valdiklis-2","status":"publish","type":"product","link":"https:\/\/vmsistemos.lt\/?product=valdomu-kameru-valdiklis-2","title":{"rendered":"Valdom\u0173 kamer\u0173 valdiklis"},"content":{"rendered":"<h4>Valdom\u0173 kamer\u0173 valdiklis su klaviat\u016bra. \u0160is valdiklis skirtas naudoti su kamer\u0173 matrica\u00a0<a href=\"http:\/\/www.e-kameros.lt\/kameru-valdikliai\/169-kameru-matrica-16in-4out.html\" target=\"_blank\" rel=\"noopener noreferrer\">VM-matrix-16<\/a>\u00a0bei valdomomis kameromis PELCO-P, PELCO-D, Panasonic, Philips, SAMSUNG, RM110, CCR-20G, KALATEL, KRE-301, VICON, ORX-10\u00a0protokolais. Priklausomai nuo valdomos kameros \u0161is valdiklis tiek priartina tiek nutolina, ry\u0161kumas reguliuojamas automati\u0161kai arba rankiniu b\u016bdu. Yra nustatym\u0173 u\u017eraktas.<\/h4>\n<p>Pagrindin\u0117s klaviat\u016bros kombinacijos:<\/p>\n<p>Klaviat\u016bros atrakinimas LOCK+OFF<\/p>\n<p>Garsinio signalo i\u0161jungimas 99+AUX<\/p>\n<p>PRESET nustatymas 1+SHOT+ON<\/p>\n<p>PRESET i\u0161kvietimas 1+SHOT+ACK<\/p>\n<p><a href=\"https:\/\/vmsistemos.lt:8080\/share\/EximklH4\">APRA\u0160YMAS<\/a><\/p>\n","protected":false},"excerpt":{"rendered":"<h4>Valdom\u0173 kamer\u0173 valdiklis su klaviat\u016bra<\/h4>\n<p>&nbsp;<\/p>\n<p><a href=\"https:\/\/vmsistemos.lt:8080\/share\/EximklH4\">APRA\u0160YMAS<\/a><\/p>\n","protected":false},"featured_media":746,"template":"","meta":{"_acf_changed":false},"product_brand":[],"product_cat":[48],"product_tag":[176,153,168,118],"class_list":{"0":"post-748","1":"product","2":"type-product","3":"status-publish","4":"has-post-thumbnail","6":"product_cat-kameru-valdikliai","7":"product_tag-matrica","8":"product_tag-monitorius","9":"product_tag-valdiklis","10":"product_tag-valdoma-kamera","12":"first","13":"onbackorder","14":"taxable","15":"shipping-taxable","16":"purchasable","17":"product-type-simple"},"acf":[],"_links":{"self":[{"href":"https:\/\/vmsistemos.lt\/index.php?rest_route=\/wp\/v2\/product\/748","targetHints":{"allow":["GET"]}}],"collection":[{"href":"https:\/\/vmsistemos.lt\/index.php?rest_route=\/wp\/v2\/product"}],"about":[{"href":"https:\/\/vmsistemos.lt\/index.php?rest_route=\/wp\/v2\/types\/product"}],"version-history":[{"count":3,"href":"https:\/\/vmsistemos.lt\/index.php?rest_route=\/wp\/v2\/product\/748\/revisions"}],"predecessor-version":[{"id":6435,"href":"https:\/\/vmsistemos.lt\/index.php?rest_route=\/wp\/v2\/product\/748\/revisions\/6435"}],"wp:featuredmedia":[{"embeddable":true,"href":"https:\/\/vmsistemos.lt\/index.php?rest_route=\/wp\/v2\/media\/746"}],"wp:attachment":[{"href":"https:\/\/vmsistemos.lt\/index.php?rest_route=%2Fwp%2Fv2%2Fmedia&parent=748"}],"wp:term":[{"taxonomy":"product_brand","embeddable":true,"href":"https:\/\/vmsistemos.lt\/index.php?rest_route=%2Fwp%2Fv2%2Fproduct_brand&post=748"},{"taxonomy":"product_cat","embeddable":true,"href":"https:\/\/vmsistemos.lt\/index.php?rest_route=%2Fwp%2Fv2%2Fproduct_cat&post=748"},{"taxonomy":"product_tag","embeddable":true,"href":"https:\/\/vmsistemos.lt\/index.php?rest_route=%2Fwp%2Fv2%2Fproduct_tag&post=748"}],"curies":[{"name":"wp","href":"https:\/\/api.w.org\/{rel}","templated":true}]}}