{"id":753,"date":"2019-03-12T10:08:31","date_gmt":"2019-03-12T12:08:31","guid":{"rendered":"http:\/\/192.168.10.101\/?post_type=product&#038;p=753"},"modified":"2024-09-11T09:33:24","modified_gmt":"2024-09-11T07:33:24","slug":"kameru-matrica-16in-4out","status":"publish","type":"product","link":"https:\/\/vmsistemos.lt\/?product=kameru-matrica-16in-4out","title":{"rendered":"Kamer\u0173 matrica 16IN 4OUT"},"content":{"rendered":"<h4>16 \u012f\u0117jim\u0173 kanal\u0173\u00a0ir 4 i\u0161\u0117jim\u0173 kanal\u0173 kamer\u0173 matrica. Galima pajungti iki 16 vaizdo kamer\u0173 ir iki 4 vaizdo monitori\u0173. Palaiko PELCO-P, PELCO-D, Panasonic, Philips, SAMSUNG, RM110, CCR-20G, KALATEL, KRE-301, VICON, ORX-10\u00a0protokolus. Programuojamas OSD atvaizduoja dat\u0105, laik\u0105, status\u0105 ir k.t.<br \/>\nKomplekt\u0105 sudaro kamer\u0173 matrica ir valdom\u0173 kamer\u0173 valdiklis.<\/h4>\n<p>&nbsp;<\/p>\n<p><a href=\"https:\/\/vmsistemos.lt:8080\/share\/EximklH4\">APRA\u0160YMAS<\/a><\/p>\n","protected":false},"excerpt":{"rendered":"<h4>Kamer\u0173 matrica 16IN 4OUT<\/h4>\n<p><a href=\"https:\/\/vmsistemos.lt:8080\/share\/EximklH4\">APRA\u0160YMAS<\/a><\/p>\n","protected":false},"featured_media":749,"template":"","meta":{"_acf_changed":false},"product_brand":[],"product_cat":[48],"product_tag":[176,153,168,118],"class_list":{"0":"post-753","1":"product","2":"type-product","3":"status-publish","4":"has-post-thumbnail","6":"product_cat-kameru-valdikliai","7":"product_tag-matrica","8":"product_tag-monitorius","9":"product_tag-valdiklis","10":"product_tag-valdoma-kamera","12":"first","13":"onbackorder","14":"taxable","15":"shipping-taxable","16":"purchasable","17":"product-type-simple"},"acf":[],"_links":{"self":[{"href":"https:\/\/vmsistemos.lt\/index.php?rest_route=\/wp\/v2\/product\/753","targetHints":{"allow":["GET"]}}],"collection":[{"href":"https:\/\/vmsistemos.lt\/index.php?rest_route=\/wp\/v2\/product"}],"about":[{"href":"https:\/\/vmsistemos.lt\/index.php?rest_route=\/wp\/v2\/types\/product"}],"version-history":[{"count":1,"href":"https:\/\/vmsistemos.lt\/index.php?rest_route=\/wp\/v2\/product\/753\/revisions"}],"predecessor-version":[{"id":6436,"href":"https:\/\/vmsistemos.lt\/index.php?rest_route=\/wp\/v2\/product\/753\/revisions\/6436"}],"wp:featuredmedia":[{"embeddable":true,"href":"https:\/\/vmsistemos.lt\/index.php?rest_route=\/wp\/v2\/media\/749"}],"wp:attachment":[{"href":"https:\/\/vmsistemos.lt\/index.php?rest_route=%2Fwp%2Fv2%2Fmedia&parent=753"}],"wp:term":[{"taxonomy":"product_brand","embeddable":true,"href":"https:\/\/vmsistemos.lt\/index.php?rest_route=%2Fwp%2Fv2%2Fproduct_brand&post=753"},{"taxonomy":"product_cat","embeddable":true,"href":"https:\/\/vmsistemos.lt\/index.php?rest_route=%2Fwp%2Fv2%2Fproduct_cat&post=753"},{"taxonomy":"product_tag","embeddable":true,"href":"https:\/\/vmsistemos.lt\/index.php?rest_route=%2Fwp%2Fv2%2Fproduct_tag&post=753"}],"curies":[{"name":"wp","href":"https:\/\/api.w.org\/{rel}","templated":true}]}}