{"id":763,"date":"2019-03-15T17:13:32","date_gmt":"2019-03-15T19:13:32","guid":{"rendered":"http:\/\/192.168.10.101\/?post_type=product&#038;p=763"},"modified":"2023-06-09T14:32:30","modified_gmt":"2023-06-09T12:32:30","slug":"plastikinis-kupolines-kameros-laikiklis","status":"publish","type":"product","link":"https:\/\/vmsistemos.lt\/?product=plastikinis-kupolines-kameros-laikiklis","title":{"rendered":"Plastikinis kupolin\u0117s kameros laikiklis"},"content":{"rendered":"<h4>Plastikinis kupolin\u0117s kameros laikiklis. Pagamintas i\u0161 auk\u0161tos kokyb\u0117s ABS plastiko. Maksimalus atlaikomas svoris\u00a0iki 5kg.<\/h4>\n","protected":false},"excerpt":{"rendered":"<h4>Plastikinis kupolin\u0117s kameros laikiklis<\/h4>\n","protected":false},"featured_media":759,"template":"","meta":{"_acf_changed":false},"product_brand":[],"product_cat":[45],"product_tag":[89,117,116,177],"class_list":{"0":"post-763","1":"product","2":"type-product","3":"status-publish","4":"has-post-thumbnail","6":"product_cat-laikikliai-stovai","7":"product_tag-kamera","8":"product_tag-koja","9":"product_tag-laikiklis","10":"product_tag-plastikinis","12":"first","13":"instock","14":"taxable","15":"shipping-taxable","16":"purchasable","17":"product-type-simple"},"acf":[],"_links":{"self":[{"href":"https:\/\/vmsistemos.lt\/index.php?rest_route=\/wp\/v2\/product\/763","targetHints":{"allow":["GET"]}}],"collection":[{"href":"https:\/\/vmsistemos.lt\/index.php?rest_route=\/wp\/v2\/product"}],"about":[{"href":"https:\/\/vmsistemos.lt\/index.php?rest_route=\/wp\/v2\/types\/product"}],"version-history":[{"count":0,"href":"https:\/\/vmsistemos.lt\/index.php?rest_route=\/wp\/v2\/product\/763\/revisions"}],"wp:featuredmedia":[{"embeddable":true,"href":"https:\/\/vmsistemos.lt\/index.php?rest_route=\/wp\/v2\/media\/759"}],"wp:attachment":[{"href":"https:\/\/vmsistemos.lt\/index.php?rest_route=%2Fwp%2Fv2%2Fmedia&parent=763"}],"wp:term":[{"taxonomy":"product_brand","embeddable":true,"href":"https:\/\/vmsistemos.lt\/index.php?rest_route=%2Fwp%2Fv2%2Fproduct_brand&post=763"},{"taxonomy":"product_cat","embeddable":true,"href":"https:\/\/vmsistemos.lt\/index.php?rest_route=%2Fwp%2Fv2%2Fproduct_cat&post=763"},{"taxonomy":"product_tag","embeddable":true,"href":"https:\/\/vmsistemos.lt\/index.php?rest_route=%2Fwp%2Fv2%2Fproduct_tag&post=763"}],"curies":[{"name":"wp","href":"https:\/\/api.w.org\/{rel}","templated":true}]}}