{"id":846,"date":"2019-03-15T17:12:36","date_gmt":"2019-03-15T14:12:36","guid":{"rendered":"http:\/\/192.168.10.101\/?post_type=product&#038;p=846"},"modified":"2023-06-09T14:32:30","modified_gmt":"2023-06-09T12:32:30","slug":"skaitmeninis-24-kanalu-irasymo-irenginys-dvr-nvr","status":"publish","type":"product","link":"https:\/\/vmsistemos.lt\/?product=skaitmeninis-24-kanalu-irasymo-irenginys-dvr-nvr","title":{"rendered":"Hibridinis skaitmeninis 24 kanal\u0173 \u012fra\u0161ymo \u012frenginys DVR-NVR CVBS+AHD,TVI, CVI+IP"},"content":{"rendered":"<p>\u0160is \u012frenginys palaiko iki\u00a024 analogini\u0173 ir\/arba skaitmenini\u0173 kamer\u0173. Kamer\u0173 kokyb\u0119 atitinkanti vaizdo med\u017eiaga yra\u00a0\u012fra\u0161oma\u00a0\u012f kiet\u0105j\u012f disk\u0105. Visa pagrindin\u0117 veikla atliekama prijungus monitori\u0173 prie \u012frenginio. Yra galimyb\u0117 per\u017ei\u016br\u0117ti vaizdo \u012fra\u0161us tiek vietoje, tiek per nutolusi\u0105 darbo viet\u0105 ar mobil\u0173 \u012frengin\u012f (Android arba Apple IOS aplikacija).<br \/>\nKomplekte yra:<br \/>\n<span style=\"color: #1b398e;\">USB optin\u0117 pelyt\u0117<\/span><br \/>\n<span style=\"color: #1b398e;\">\u00a0\u00a0 Maitinimo adapteris AC100-240V &#8211; DC12V\/4A<br \/>\nNuotolinio valdymo pultelis<\/span><br \/>\n<span style=\"color: #1b398e;\">\u00a0\u00a0\u00a0DVR<\/span><\/p>\n","protected":false},"excerpt":{"rendered":"<p>Hibridinis skaitmeninis\u00a024 kanal\u0173 \u012fra\u0161ymo \u012frenginys DVR-NVR CVBS+AHD,TVI, CVI+IP. Pagamintas Kinijoje.<\/p>\n","protected":false},"featured_media":843,"template":"","meta":{"_acf_changed":false},"product_brand":[],"product_cat":[43],"product_tag":[215,107,170,105,104],"class_list":{"0":"post-846","1":"product","2":"type-product","3":"status-publish","4":"has-post-thumbnail","6":"product_cat-hibridiniai-irenginiai","7":"product_tag-24-kanalu","8":"product_tag-dvr","9":"product_tag-hibridinis","10":"product_tag-irasymo-irenginys","11":"product_tag-nvr","13":"first","14":"onbackorder","15":"taxable","16":"shipping-taxable","17":"purchasable","18":"product-type-simple"},"acf":[],"_links":{"self":[{"href":"https:\/\/vmsistemos.lt\/index.php?rest_route=\/wp\/v2\/product\/846","targetHints":{"allow":["GET"]}}],"collection":[{"href":"https:\/\/vmsistemos.lt\/index.php?rest_route=\/wp\/v2\/product"}],"about":[{"href":"https:\/\/vmsistemos.lt\/index.php?rest_route=\/wp\/v2\/types\/product"}],"version-history":[{"count":0,"href":"https:\/\/vmsistemos.lt\/index.php?rest_route=\/wp\/v2\/product\/846\/revisions"}],"wp:featuredmedia":[{"embeddable":true,"href":"https:\/\/vmsistemos.lt\/index.php?rest_route=\/wp\/v2\/media\/843"}],"wp:attachment":[{"href":"https:\/\/vmsistemos.lt\/index.php?rest_route=%2Fwp%2Fv2%2Fmedia&parent=846"}],"wp:term":[{"taxonomy":"product_brand","embeddable":true,"href":"https:\/\/vmsistemos.lt\/index.php?rest_route=%2Fwp%2Fv2%2Fproduct_brand&post=846"},{"taxonomy":"product_cat","embeddable":true,"href":"https:\/\/vmsistemos.lt\/index.php?rest_route=%2Fwp%2Fv2%2Fproduct_cat&post=846"},{"taxonomy":"product_tag","embeddable":true,"href":"https:\/\/vmsistemos.lt\/index.php?rest_route=%2Fwp%2Fv2%2Fproduct_tag&post=846"}],"curies":[{"name":"wp","href":"https:\/\/api.w.org\/{rel}","templated":true}]}}