{"id":850,"date":"2019-03-12T10:15:52","date_gmt":"2019-03-12T12:15:52","guid":{"rendered":"http:\/\/192.168.10.101\/?post_type=product&#038;p=850"},"modified":"2023-06-09T14:32:28","modified_gmt":"2023-06-09T12:32:28","slug":"aukstos-raiskos-hd-fiksuoto-zidinio-kupoline-ip-kamera-13mpix","status":"publish","type":"product","link":"https:\/\/vmsistemos.lt\/?product=aukstos-raiskos-hd-fiksuoto-zidinio-kupoline-ip-kamera-13mpix","title":{"rendered":"Auk\u0161tos rai\u0161kos (HD) fiksuoto \u017eidinio kupolin\u0117  IP kamera 1.3Mpix"},"content":{"rendered":"<h4>Auk\u0161tos rai\u0161kos (HD) fiksuoto \u017eidinio skaitmenin\u0117 (IP) kupolin\u0117 kamera su\u00a0IR filtru ir PoE (Power over Ethernet) maitinimu. Eksploatuojama tik patalpose. 1.3Mpix<\/h4>\n<p><a class=\"btn btn-default\" href=\"http:\/\/192.168.10.101\/siuntiniai\/wl\/?id=dbcclinWaBV4KGI2Ka79CMJ1nxUhF6dv\" target=\"_blank\" rel=\"noopener noreferrer\">Paie\u0161kos \u012frankis<\/a><\/p>\n<p><a class=\"btn btn-default\" href=\"http:\/\/192.168.10.101\/siuntiniai\/wl\/?id=sDaCtj2Ih0srVhN77mmnqCQb4c4P8a9m\" target=\"_blank\" rel=\"noopener noreferrer\">Windows CMS<\/a><\/p>\n<p><a class=\"btn btn-default\" href=\"http:\/\/192.168.10.101\/siuntiniai\/wl\/?id=r2Zba8O1OpgWCfkZr97zrPZWolZJmt9y\" target=\"_blank\" rel=\"noopener noreferrer\">IOS CMS<\/a><\/p>\n","protected":false},"excerpt":{"rendered":"<p><strong>Auk\u0161tos rai\u0161kos (HD) fiksuoto \u017eidinio skaitmenin\u0117 (IP) kupolin\u0117 kamera \u00a01.3Mpix<\/strong><\/p>\n","protected":false},"featured_media":847,"template":"","meta":{"_acf_changed":false},"product_brand":[],"product_cat":[44],"product_tag":[94,92,216,156,102,103,97,144],"class_list":{"0":"post-850","1":"product","2":"type-product","3":"status-publish","4":"has-post-thumbnail","6":"product_cat-skaitmenines-ip-kameros","7":"product_tag-d-n","8":"product_tag-diena-naktis","9":"product_tag-fiksuoto-zidinio","10":"product_tag-hd","11":"product_tag-ip","12":"product_tag-ip-kamera","13":"product_tag-kupoline","14":"product_tag-poe","16":"first","17":"instock","18":"sale","19":"taxable","20":"shipping-taxable","21":"purchasable","22":"product-type-simple"},"acf":[],"_links":{"self":[{"href":"https:\/\/vmsistemos.lt\/index.php?rest_route=\/wp\/v2\/product\/850","targetHints":{"allow":["GET"]}}],"collection":[{"href":"https:\/\/vmsistemos.lt\/index.php?rest_route=\/wp\/v2\/product"}],"about":[{"href":"https:\/\/vmsistemos.lt\/index.php?rest_route=\/wp\/v2\/types\/product"}],"version-history":[{"count":0,"href":"https:\/\/vmsistemos.lt\/index.php?rest_route=\/wp\/v2\/product\/850\/revisions"}],"wp:featuredmedia":[{"embeddable":true,"href":"https:\/\/vmsistemos.lt\/index.php?rest_route=\/wp\/v2\/media\/847"}],"wp:attachment":[{"href":"https:\/\/vmsistemos.lt\/index.php?rest_route=%2Fwp%2Fv2%2Fmedia&parent=850"}],"wp:term":[{"taxonomy":"product_brand","embeddable":true,"href":"https:\/\/vmsistemos.lt\/index.php?rest_route=%2Fwp%2Fv2%2Fproduct_brand&post=850"},{"taxonomy":"product_cat","embeddable":true,"href":"https:\/\/vmsistemos.lt\/index.php?rest_route=%2Fwp%2Fv2%2Fproduct_cat&post=850"},{"taxonomy":"product_tag","embeddable":true,"href":"https:\/\/vmsistemos.lt\/index.php?rest_route=%2Fwp%2Fv2%2Fproduct_tag&post=850"}],"curies":[{"name":"wp","href":"https:\/\/api.w.org\/{rel}","templated":true}]}}