{"id":925,"date":"2019-03-15T17:13:40","date_gmt":"2019-03-15T19:13:40","guid":{"rendered":"http:\/\/192.168.10.101\/?post_type=product&#038;p=925"},"modified":"2024-04-23T12:19:21","modified_gmt":"2024-04-23T10:19:21","slug":"aukstos-raiskos-hd-13mpix-panoramine-360-ip-kamera-su-poe","status":"publish","type":"product","link":"https:\/\/vmsistemos.lt\/?product=aukstos-raiskos-hd-13mpix-panoramine-360-ip-kamera-su-poe","title":{"rendered":"Auk\u0161tos rai\u0161kos (HD) 1.3Mpix panoramin\u0117 360\u00b0 IP kamera su PoE"},"content":{"rendered":"<p><strong>Auk\u0161tos rai\u0161kos (HD) 1.3Mpix p<\/strong><strong>anoramin\u0117 360\u00b0 skaitmenin\u0117 (IP) kamera su PoE (Power over Ethernet).<\/strong><\/p>\n<p><a class=\"btn btn-default\" href=\"http:\/\/192.168.10.101\/siuntiniai\/wl\/?id=dbcclinWaBV4KGI2Ka79CMJ1nxUhF6dv\" target=\"_blank\" rel=\"noopener noreferrer\">Paie\u0161kos \u012frankis<\/a><\/p>\n<p><a class=\"btn btn-default\" href=\"http:\/\/192.168.10.101\/siuntiniai\/wl\/?id=sDaCtj2Ih0srVhN77mmnqCQb4c4P8a9m\" target=\"_blank\" rel=\"noopener noreferrer\">Windows CMS<\/a><\/p>\n<p><a class=\"btn btn-default\" href=\"http:\/\/192.168.10.101\/siuntiniai\/wl\/?id=r2Zba8O1OpgWCfkZr97zrPZWolZJmt9y\" target=\"_blank\" rel=\"noopener noreferrer\">IOS CMS<\/a><\/p>\n<p>&nbsp;<\/p>\n","protected":false},"excerpt":{"rendered":"<p><strong>Auk\u0161tos rai\u0161kos (HD) 1.3Mpix panoramin\u0117 360\u00b0 skaitmenin\u0117 (IP) kamera su PoE (Power over Ethernet).<\/strong><\/p>\n","protected":false},"featured_media":921,"template":"","meta":{"_acf_changed":false},"product_brand":[],"product_cat":[234,44],"product_tag":[162,156,102,103,163,144,143],"class_list":{"0":"post-925","1":"product","2":"type-product","3":"status-publish","4":"has-post-thumbnail","6":"product_cat-akcijos","7":"product_cat-skaitmenines-ip-kameros","8":"product_tag-162","9":"product_tag-hd","10":"product_tag-ip","11":"product_tag-ip-kamera","12":"product_tag-panoramine","13":"product_tag-poe","14":"product_tag-skaitmenine","16":"first","17":"outofstock","18":"sale","19":"taxable","20":"shipping-taxable","21":"purchasable","22":"product-type-simple"},"acf":[],"_links":{"self":[{"href":"https:\/\/vmsistemos.lt\/index.php?rest_route=\/wp\/v2\/product\/925","targetHints":{"allow":["GET"]}}],"collection":[{"href":"https:\/\/vmsistemos.lt\/index.php?rest_route=\/wp\/v2\/product"}],"about":[{"href":"https:\/\/vmsistemos.lt\/index.php?rest_route=\/wp\/v2\/types\/product"}],"version-history":[{"count":1,"href":"https:\/\/vmsistemos.lt\/index.php?rest_route=\/wp\/v2\/product\/925\/revisions"}],"predecessor-version":[{"id":6424,"href":"https:\/\/vmsistemos.lt\/index.php?rest_route=\/wp\/v2\/product\/925\/revisions\/6424"}],"wp:featuredmedia":[{"embeddable":true,"href":"https:\/\/vmsistemos.lt\/index.php?rest_route=\/wp\/v2\/media\/921"}],"wp:attachment":[{"href":"https:\/\/vmsistemos.lt\/index.php?rest_route=%2Fwp%2Fv2%2Fmedia&parent=925"}],"wp:term":[{"taxonomy":"product_brand","embeddable":true,"href":"https:\/\/vmsistemos.lt\/index.php?rest_route=%2Fwp%2Fv2%2Fproduct_brand&post=925"},{"taxonomy":"product_cat","embeddable":true,"href":"https:\/\/vmsistemos.lt\/index.php?rest_route=%2Fwp%2Fv2%2Fproduct_cat&post=925"},{"taxonomy":"product_tag","embeddable":true,"href":"https:\/\/vmsistemos.lt\/index.php?rest_route=%2Fwp%2Fv2%2Fproduct_tag&post=925"}],"curies":[{"name":"wp","href":"https:\/\/api.w.org\/{rel}","templated":true}]}}