{"id":972,"date":"2019-03-15T08:07:58","date_gmt":"2019-03-15T10:07:58","guid":{"rendered":"http:\/\/192.168.10.101\/?post_type=product&#038;p=972"},"modified":"2023-06-09T14:32:29","modified_gmt":"2023-06-09T12:32:29","slug":"analogine-ahd-2mpix-kupoline-lauko-kamera","status":"publish","type":"product","link":"https:\/\/vmsistemos.lt\/?product=analogine-ahd-2mpix-kupoline-lauko-kamera","title":{"rendered":"Analogin\u0117 AHD 2Mpix kupolin\u0117 lauko kamera"},"content":{"rendered":"<p>Analogin\u0117 AHD 2Mpix kupolin\u0117 lauko kamera<\/p>\n","protected":false},"excerpt":{"rendered":"<p>Analogin\u0117 AHD 2Mpix kupolin\u0117 lauko kamera<\/p>\n","protected":false},"featured_media":968,"template":"","meta":{"_acf_changed":false},"product_brand":[],"product_cat":[55],"product_tag":[169,106,89,97],"class_list":{"0":"post-972","1":"product","2":"type-product","3":"status-publish","4":"has-post-thumbnail","6":"product_cat-analogines-ahd-kameros","7":"product_tag-ahd","8":"product_tag-analogine","9":"product_tag-kamera","10":"product_tag-kupoline","12":"first","13":"instock","14":"taxable","15":"shipping-taxable","16":"purchasable","17":"product-type-simple"},"acf":[],"_links":{"self":[{"href":"https:\/\/vmsistemos.lt\/index.php?rest_route=\/wp\/v2\/product\/972","targetHints":{"allow":["GET"]}}],"collection":[{"href":"https:\/\/vmsistemos.lt\/index.php?rest_route=\/wp\/v2\/product"}],"about":[{"href":"https:\/\/vmsistemos.lt\/index.php?rest_route=\/wp\/v2\/types\/product"}],"version-history":[{"count":0,"href":"https:\/\/vmsistemos.lt\/index.php?rest_route=\/wp\/v2\/product\/972\/revisions"}],"wp:featuredmedia":[{"embeddable":true,"href":"https:\/\/vmsistemos.lt\/index.php?rest_route=\/wp\/v2\/media\/968"}],"wp:attachment":[{"href":"https:\/\/vmsistemos.lt\/index.php?rest_route=%2Fwp%2Fv2%2Fmedia&parent=972"}],"wp:term":[{"taxonomy":"product_brand","embeddable":true,"href":"https:\/\/vmsistemos.lt\/index.php?rest_route=%2Fwp%2Fv2%2Fproduct_brand&post=972"},{"taxonomy":"product_cat","embeddable":true,"href":"https:\/\/vmsistemos.lt\/index.php?rest_route=%2Fwp%2Fv2%2Fproduct_cat&post=972"},{"taxonomy":"product_tag","embeddable":true,"href":"https:\/\/vmsistemos.lt\/index.php?rest_route=%2Fwp%2Fv2%2Fproduct_tag&post=972"}],"curies":[{"name":"wp","href":"https:\/\/api.w.org\/{rel}","templated":true}]}}