{"id":980,"date":"2019-03-15T08:04:34","date_gmt":"2019-03-15T05:04:34","guid":{"rendered":"http:\/\/192.168.10.101\/?post_type=product&#038;p=980"},"modified":"2023-06-09T14:32:29","modified_gmt":"2023-06-09T12:32:29","slug":"2-mp-cilindrine-ip-kamera-8-32mm-motorizuotas-objektyvas","status":"publish","type":"product","link":"https:\/\/vmsistemos.lt\/?product=2-mp-cilindrine-ip-kamera-8-32mm-motorizuotas-objektyvas","title":{"rendered":"Auto Numeri\u0173 atpa\u017einimo funkcija! 2 MP cilindrin\u0117 IP kamera 8 &#8211; 32mm, motorizuotas objektyvas"},"content":{"rendered":"<ul>\n<li>Palaiko dvejop\u0105 maitinim\u0105 PoE \/ DC12V<\/li>\n<li>Motorizuotas objektyvas su priartinimu: f = 8 &#8211; 32 mm<\/li>\n<li>Ultra \u017eemo ap\u0161vietimo CMOS jutiklis, Smart-IR valdymas<\/li>\n<li>2 Megapikseli\u0173 IP kamera su Full HD 1080P realaus laiko vaizdu<\/li>\n<li>0 Lux: Integruotas LED IR \u0161viestuvas, matomumas iki 100m<\/li>\n<li>Tvirtinimas ant sienos ir lub\u0173, 3-j\u0173 a\u0161i\u0173 reguliavimas<\/li>\n<li>Garso ir signalizacijos \u012fvestis \/ i\u0161vestis<\/li>\n<li>\u012etraukta valstybinio numerio atpa\u017einimo (LPR) programin\u0117 \u012franga. Duomen\u0173 importas-eksportas, juodasis \/ baltasis s\u0105ra\u0161as ar i\u0161pl\u0117stos analiz\u0117s funkcijos<\/li>\n<\/ul>\n","protected":false},"excerpt":{"rendered":"<p>Auto Numeri\u0173 atpa\u017einimo funkcija!<\/p>\n<p>Palaiko dvejop\u0105 maitinim\u0105 PoE \/ DC12V<br \/>\nMotorizuotas objektyvas su priartinimu: f = 8 &#8211; 32 mm<\/p>\n","protected":false},"featured_media":979,"template":"","meta":{"_acf_changed":false},"product_brand":[],"product_cat":[234,57],"product_tag":[232,226,103,231,89,230,233],"class_list":{"0":"post-980","1":"product","2":"type-product","3":"status-publish","4":"has-post-thumbnail","6":"product_cat-akcijos","7":"product_cat-ip","8":"product_tag-apsaugos","9":"product_tag-grundig","10":"product_tag-ip-kamera","11":"product_tag-ir-kamera","12":"product_tag-kamera","13":"product_tag-vaizdo-apsaugos","14":"product_tag-vm-sistemos","16":"first","17":"onbackorder","18":"sale","19":"taxable","20":"shipping-taxable","21":"purchasable","22":"product-type-simple"},"acf":[],"_links":{"self":[{"href":"https:\/\/vmsistemos.lt\/index.php?rest_route=\/wp\/v2\/product\/980","targetHints":{"allow":["GET"]}}],"collection":[{"href":"https:\/\/vmsistemos.lt\/index.php?rest_route=\/wp\/v2\/product"}],"about":[{"href":"https:\/\/vmsistemos.lt\/index.php?rest_route=\/wp\/v2\/types\/product"}],"version-history":[{"count":0,"href":"https:\/\/vmsistemos.lt\/index.php?rest_route=\/wp\/v2\/product\/980\/revisions"}],"wp:featuredmedia":[{"embeddable":true,"href":"https:\/\/vmsistemos.lt\/index.php?rest_route=\/wp\/v2\/media\/979"}],"wp:attachment":[{"href":"https:\/\/vmsistemos.lt\/index.php?rest_route=%2Fwp%2Fv2%2Fmedia&parent=980"}],"wp:term":[{"taxonomy":"product_brand","embeddable":true,"href":"https:\/\/vmsistemos.lt\/index.php?rest_route=%2Fwp%2Fv2%2Fproduct_brand&post=980"},{"taxonomy":"product_cat","embeddable":true,"href":"https:\/\/vmsistemos.lt\/index.php?rest_route=%2Fwp%2Fv2%2Fproduct_cat&post=980"},{"taxonomy":"product_tag","embeddable":true,"href":"https:\/\/vmsistemos.lt\/index.php?rest_route=%2Fwp%2Fv2%2Fproduct_tag&post=980"}],"curies":[{"name":"wp","href":"https:\/\/api.w.org\/{rel}","templated":true}]}}